{"id":6638,"date":"2020-08-19T12:27:43","date_gmt":"2020-08-19T10:27:43","guid":{"rendered":"https:\/\/biofilmtest.com\/?page_id=6638"},"modified":"2021-06-16T16:30:55","modified_gmt":"2021-06-16T14:30:55","slug":"politica-de-privacidad","status":"publish","type":"page","link":"https:\/\/biofilmtest.com\/pt\/politica-de-privacidad\/","title":{"rendered":"Pol\u00edtica de privacidad"},"content":{"rendered":"<div data-elementor-type=\"wp-page\" data-elementor-id=\"6638\" class=\"elementor elementor-6638\">\n\t\t\t\t\t\t<section class=\"elementor-section elementor-top-section elementor-element elementor-element-0783dc3 elementor-section-full_width elementor-section-height-default elementor-section-height-default\" data-id=\"0783dc3\" data-element_type=\"section\" data-e-type=\"section\">\n\t\t\t\t\t\t<div class=\"elementor-container elementor-column-gap-default\">\n\t\t\t\t\t<div class=\"elementor-column elementor-col-100 elementor-top-column elementor-element elementor-element-6c85033\" data-id=\"6c85033\" data-element_type=\"column\" data-e-type=\"column\">\n\t\t\t<div class=\"elementor-widget-wrap elementor-element-populated\">\n\t\t\t\t\t\t<div class=\"elementor-element elementor-element-a205ad9 elementor-widget elementor-widget-template\" data-id=\"a205ad9\" data-element_type=\"widget\" data-e-type=\"widget\" data-widget_type=\"template.default\">\n\t\t\t\t<div class=\"elementor-widget-container\">\n\t\t\t\t\t \t\t\t\t<\/div>\n\t\t\t\t<\/div>\n\t\t\t\t\t<\/div>\n\t\t<\/div>\n\t\t\t\t\t<\/div>\n\t\t<\/section>\n\t\t\t\t<section class=\"elementor-section elementor-top-section elementor-element elementor-element-d7350d1 elementor-section-stretched elementor-section-content-middle elementor-section-boxed elementor-section-height-default elementor-section-height-default\" data-id=\"d7350d1\" data-element_type=\"section\" data-e-type=\"section\" data-settings=\"{&quot;stretch_section&quot;:&quot;section-stretched&quot;,&quot;background_background&quot;:&quot;classic&quot;}\">\n\t\t\t\t\t\t<div class=\"elementor-container elementor-column-gap-default\">\n\t\t\t\t\t<div class=\"elementor-column elementor-col-50 elementor-top-column elementor-element elementor-element-e8bc02e\" data-id=\"e8bc02e\" data-element_type=\"column\" data-e-type=\"column\">\n\t\t\t<div class=\"elementor-widget-wrap elementor-element-populated\">\n\t\t\t\t\t\t<div class=\"elementor-element elementor-element-32ccde1 premium-header-block premium-lq__none premium-box-lq__none elementor-widget elementor-widget-premium-addon-dual-header\" data-id=\"32ccde1\" data-element_type=\"widget\" data-e-type=\"widget\" data-settings=\"{&quot;_animation_tablet&quot;:&quot;none&quot;,&quot;_animation_mobile&quot;:&quot;none&quot;}\" data-widget_type=\"premium-addon-dual-header.default\">\n\t\t\t\t\t\n\t\t<div class=\"elementor-widget-container\">\n\t\t\t\t\t<h1 class=\"premium-dual-header-first-header  gradient\"><span class=\"premium-dual-header-first-span\">BIOFILMTEST <\/span><span class=\"premium-dual-header-second-header\">Cookies e aviso legal<\/span><\/h1> \t\t\t\t<\/div>\n\n\t\t\t\t\t\t<\/div>\n\t\t\t\t<div class=\"elementor-element elementor-element-c4130c3 elementor-widget-divider--separator-type-pattern elementor-widget-divider--view-line elementor-widget elementor-widget-divider\" data-id=\"c4130c3\" data-element_type=\"widget\" data-e-type=\"widget\" data-settings=\"{&quot;_animation_tablet&quot;:&quot;none&quot;,&quot;_animation_mobile&quot;:&quot;none&quot;}\" data-widget_type=\"divider.default\">\n\t\t\t\t<div class=\"elementor-widget-container\">\n\t\t\t\t\t\t\t<div class=\"elementor-divider\" style=\"--divider-pattern-url: url(&quot;data:image\/svg+xml,%3Csvg xmlns=&#039;http:\/\/www.w3.org\/2000\/svg&#039; preserveAspectRatio=&#039;none&#039; overflow=&#039;visible&#039; height=&#039;100%&#039; viewBox=&#039;0 0 20 16&#039; fill=&#039;none&#039; stroke=&#039;black&#039; stroke-width=&#039;1.2&#039; stroke-linecap=&#039;square&#039; stroke-miterlimit=&#039;10&#039;%3E%3Cg transform=&#039;translate(-12.000000, 0)&#039;%3E%3Cpath d=&#039;M28,0L10,18&#039;\/%3E%3Cpath d=&#039;M18,0L0,18&#039;\/%3E%3Cpath d=&#039;M48,0L30,18&#039;\/%3E%3Cpath d=&#039;M38,0L20,18&#039;\/%3E%3C\/g%3E%3C\/svg%3E&quot;);\">\n\t\t\t<span class=\"elementor-divider-separator\">\n\t\t\t\t\t\t<\/span>\n\t\t<\/div>\n\t\t\t\t\t\t<\/div>\n\t\t\t\t<\/div>\n\t\t\t\t<div class=\"elementor-element elementor-element-6b8be53 elementor-widget elementor-widget-text-editor\" data-id=\"6b8be53\" data-element_type=\"widget\" data-e-type=\"widget\" data-settings=\"{&quot;_animation_tablet&quot;:&quot;none&quot;,&quot;_animation_mobile&quot;:&quot;none&quot;}\" data-widget_type=\"text-editor.default\">\n\t\t\t\t<div class=\"elementor-widget-container\">\n\t\t\t\t\t\t\t\t\t<div><span style=\"letter-spacing: 0.6px; background-color: rgba(247, 247, 247, 0);\">Betelgeux, S.L. est\u00e1 obrigada pelo Real Decreto-Lei 13\/2012, que altera a Lei 34\/2002, de 11 de julho de 2002, sobre servi\u00e7os da sociedade da informa\u00e7\u00e3o e com\u00e9rcio eletr\u00f4nico, a informar e obter o consentimento do cidad\u00e3o sobre o uso de cookies em seus sites.<\/span><br><span style=\"letter-spacing: 0.6px; background-color: rgba(247, 247, 247, 0);\"><br><\/span><\/div>\n<div>\n<div>Os cookies s\u00e3o arquivos que podem ser baixados para seu computador atrav\u00e9s de p\u00e1ginas web. Eles s\u00e3o ferramentas que desempenham um papel essencial na presta\u00e7\u00e3o de muitos servi\u00e7os da sociedade da informa\u00e7\u00e3o.<\/div>\n<div><\/div>\n<div>Entre outros, permitem que um website armazene e recupere informa\u00e7\u00f5es sobre os h\u00e1bitos de navega\u00e7\u00e3o de um usu\u00e1rio ou seu equipamento e, dependendo da informa\u00e7\u00e3o obtida, pode ser usado para reconhecer o usu\u00e1rio e melhorar o servi\u00e7o oferecido.<\/div>\n<div>&nbsp;<\/div>\n<div>Dependendo de quem \u00e9 a entidade que administra o dom\u00ednio do qual os cookies s\u00e3o enviados e trata os dados obtidos pode distinguir dois tipos: cookies pr\u00f3prios e cookies de terceiros.<\/div>\n<div><\/div>\n<div><\/div>\n<div>H\u00e1 tamb\u00e9m uma segunda classifica\u00e7\u00e3o de acordo com o tempo em que permanecem armazenados no navegador do cliente, que podem ser cookies de sess\u00e3o ou cookies persistentes.<\/div>\n<div><\/div>\n<\/div>\n<h2><strong>Cookies utilizados na web<\/strong><\/h2>\n<div>Os cookies que est\u00e3o sendo utilizados neste website s\u00e3o identificados abaixo, bem como seu tipo e fun\u00e7\u00e3o:<\/div>\n<div>&nbsp;<\/div>\n<div>\n<p>O site utiliza o Google Analytics, um servi\u00e7o de an\u00e1lise web desenvolvido pelo Google, que permite a medi\u00e7\u00e3o e an\u00e1lise da navega\u00e7\u00e3o em p\u00e1ginas web. Em seu navegador voc\u00ea pode ver 4 cookies deste servi\u00e7o. De acordo com a tipologia acima, estes s\u00e3o cookies pr\u00f3prios, de sess\u00e3o e de an\u00e1lise. Voc\u00ea pode encontrar mais informa\u00e7\u00f5es sobre isso e desativar o uso desses cookies www.google.es\/intl\/es\/analytics\/privacyoverview.html&nbsp;<\/p>\n<\/div>\n<div>Atrav\u00e9s da an\u00e1lise da web, as informa\u00e7\u00f5es sobre seus dados pessoais n\u00e3o s\u00e3o obtidas, garantindo a prote\u00e7\u00e3o da privacidade das pessoas que navegam no site. As informa\u00e7\u00f5es obtidas est\u00e3o relacionadas ao n\u00famero de usu\u00e1rios que acessam o site, o n\u00famero de p\u00e1ginas visualizadas, a freq\u00fc\u00eancia e repeti\u00e7\u00e3o das visitas, sua dura\u00e7\u00e3o, o navegador utilizado, o operador que presta o servi\u00e7o, o idioma, o terminal utilizado ou a cidade \u00e0 qual seu endere\u00e7o IP est\u00e1 atribu\u00eddo. Informa\u00e7\u00f5es que permitem um servi\u00e7o melhor e mais apropriado por este portal.<\/div>\n<div>&nbsp;<\/div>\n<div>\n<div>Outros cookies t\u00e9cnicos que s\u00e3o baixados s\u00e3o:<\/div>\n<div>PHPSESSID necess\u00e1rio para a navega\u00e7\u00e3o correta atrav\u00e9s das p\u00e1ginas web.<\/div>\n<div>Idioma -&gt; Para o controle do idioma selecionado.<\/div>\n<div><\/div>\n<\/div>\n<div><\/div>\n<div>\n<div>Finalmente, um cookie t\u00e9cnico chamado cookies_policy , pr\u00f3prio, t\u00e9cnico e tipo de sess\u00e3o \u00e9 baixado. Ele gerencia o consentimento do usu\u00e1rio para o uso de cookies no site, a fim de evitar desconforto excessivo que pode envolver a exibi\u00e7\u00e3o repetida de informa\u00e7\u00f5es sobre a pol\u00edtica de cookies na parte superior da web para aqueles que a aceitaram.<\/div>\n<\/div>\n<div>\n<h2><strong>Aceita\u00e7\u00e3o da Pol\u00edtica de Cookies<\/strong><\/h2>\n<div>A Betelgeux, S.L., a fim de cumprir os regulamentos acima mencionados, exibe informa\u00e7\u00f5es sobre sua Pol\u00edtica de Cookies na parte superior de qualquer p\u00e1gina do portal com cada login.<\/div>\n<div><\/div>\n<\/div>\n<div><p>Dadas estas informa\u00e7\u00f5es, \u00e9 poss\u00edvel realizar as seguintes a\u00e7\u00f5es:<\/p>\n<\/div>\n<ul>\n<li>Continue navegando. Este aviso n\u00e3o ser\u00e1 exibido novamente para acessar qualquer p\u00e1gina do portal durante esta sess\u00e3o sendo aceita a pol\u00edtica de cookies.<\/li>\n<li>Restringindo cookies ou saindo do site. Voc\u00ea pode restringir, bloquear ou excluir cookies da Betelgeux, S.L. ou de qualquer outro website, usando seu navegador. Em cada navegador a opera\u00e7\u00e3o \u00e9 diferente, a fun\u00e7\u00e3o 'Ajuda' lhe mostrar\u00e1 como faz\u00ea-lo, se voc\u00ea desejar pode consultar a opera\u00e7\u00e3o a partir dos links a seguir:<\/li>\n<\/ul>\n<div>&#8211; Internet Explorer: windows.microsoft.com\/es-xl\/internet-explorer\/delete-manage-cookies#ie=ie-10<\/div>\n<div>&#8211; FireFox: support.mozilla.org\/es\/kb\/Borrar%20cookies<\/div>\n<div>&#8211; Chrome: support.google.com\/chrome\/answer\/95647?hl=es<\/div>\n<div><p>&#8211; Safari: www.apple.com\/es\/privacy\/use-of-cookies\/<\/p><\/div>\t\t\t\t\t\t\t\t<\/div>\n\t\t\t\t<\/div>\n\t\t\t\t\t<\/div>\n\t\t<\/div>\n\t\t\t\t<div class=\"elementor-column elementor-col-50 elementor-top-column elementor-element elementor-element-50c707f\" data-id=\"50c707f\" data-element_type=\"column\" data-e-type=\"column\">\n\t\t\t<div class=\"elementor-widget-wrap\">\n\t\t\t\t\t\t\t<\/div>\n\t\t<\/div>\n\t\t\t\t\t<\/div>\n\t\t<\/section>\n\t\t\t\t<section class=\"elementor-section elementor-top-section elementor-element elementor-element-73e435e elementor-section-full_width elementor-section-height-default elementor-section-height-default\" data-id=\"73e435e\" data-element_type=\"section\" data-e-type=\"section\">\n\t\t\t\t\t\t<div class=\"elementor-container elementor-column-gap-default\">\n\t\t\t\t\t<div class=\"elementor-column elementor-col-100 elementor-top-column elementor-element elementor-element-03fbc34\" data-id=\"03fbc34\" data-element_type=\"column\" data-e-type=\"column\">\n\t\t\t<div class=\"elementor-widget-wrap elementor-element-populated\">\n\t\t\t\t\t\t<div class=\"elementor-element elementor-element-51c5424 elementor-widget elementor-widget-template\" data-id=\"51c5424\" data-element_type=\"widget\" data-e-type=\"widget\" data-widget_type=\"template.default\">\n\t\t\t\t<div class=\"elementor-widget-container\">\n\t\t\t\t\t \t\t\t\t<\/div>\n\t\t\t\t<\/div>\n\t\t\t\t\t<\/div>\n\t\t<\/div>\n\t\t\t\t\t<\/div>\n\t\t<\/section>\n\t\t\t\t<\/div>","protected":false},"excerpt":{"rendered":"<p>BIOFILMTEST Cookies y aviso legal Betelgeux, S.L. tiene la obligaci\u00f3n por el Real Decreto-ley 13\/2012 que modifica la Ley 34\/2002, de 11 de julio, de servicios de la sociedad de la informaci\u00f3n y de comercio electr\u00f3nico, de informar y obtener el consentimiento del ciudadano acerca del uso de las cookies [&hellip;]<\/p>\n","protected":false},"author":4,"featured_media":0,"parent":0,"menu_order":0,"comment_status":"closed","ping_status":"closed","template":"elementor_canvas","meta":{"_uag_custom_page_level_css":"","_themeisle_gutenberg_block_has_review":false,"footnotes":""},"class_list":["post-6638","page","type-page","status-publish","hentry"],"yoast_head":"<!-- This site is optimized with the Yoast SEO plugin v27.3 - https:\/\/yoast.com\/product\/yoast-seo-wordpress\/ -->\n<title>BiofilmTEST &#8226; Pol\u00edtica de privacidad<\/title>\n<meta name=\"description\" content=\"Pol\u00edtica de privacidad y aviso legal de Biofilmtest\" \/>\n<meta name=\"robots\" content=\"index, follow, max-snippet:-1, max-image-preview:large, max-video-preview:-1\" \/>\n<link rel=\"canonical\" href=\"https:\/\/biofilmtest.com\/pt\/informativa-sulla-privacy\/\" \/>\n<meta property=\"og:locale\" content=\"pt_BR\" \/>\n<meta property=\"og:type\" content=\"article\" \/>\n<meta property=\"og:title\" content=\"BiofilmTEST &#8226; Pol\u00edtica de privacidad\" \/>\n<meta property=\"og:description\" content=\"Pol\u00edtica de privacidad y aviso legal de Biofilmtest\" \/>\n<meta property=\"og:url\" content=\"https:\/\/biofilmtest.com\/pt\/informativa-sulla-privacy\/\" \/>\n<meta property=\"og:site_name\" content=\"BiofilmTEST\" \/>\n<meta property=\"article:publisher\" content=\"https:\/\/www.facebook.com\/Betelgeux.es\" \/>\n<meta property=\"article:modified_time\" content=\"2021-06-16T14:30:55+00:00\" \/>\n<meta name=\"twitter:card\" content=\"summary_large_image\" \/>\n<meta name=\"twitter:site\" content=\"@Betelgeux_es\" \/>\n<meta name=\"twitter:label1\" content=\"Est. tempo de leitura\" \/>\n\t<meta name=\"twitter:data1\" content=\"4 minutos\" \/>\n<script type=\"application\/ld+json\" class=\"yoast-schema-graph\">{\"@context\":\"https:\\\/\\\/schema.org\",\"@graph\":[{\"@type\":\"WebPage\",\"@id\":\"https:\\\/\\\/biofilmtest.com\\\/it\\\/informativa-sulla-privacy\\\/\",\"url\":\"https:\\\/\\\/biofilmtest.com\\\/it\\\/informativa-sulla-privacy\\\/\",\"name\":\"BiofilmTEST &#8226; Pol\u00edtica de privacidad\",\"isPartOf\":{\"@id\":\"https:\\\/\\\/biofilmtest.com\\\/es_es\\\/#website\"},\"datePublished\":\"2020-08-19T10:27:43+00:00\",\"dateModified\":\"2021-06-16T14:30:55+00:00\",\"description\":\"Pol\u00edtica de privacidad y aviso legal de Biofilmtest\",\"breadcrumb\":{\"@id\":\"https:\\\/\\\/biofilmtest.com\\\/it\\\/informativa-sulla-privacy\\\/#breadcrumb\"},\"inLanguage\":\"pt-BR\",\"potentialAction\":[{\"@type\":\"ReadAction\",\"target\":[\"https:\\\/\\\/biofilmtest.com\\\/it\\\/informativa-sulla-privacy\\\/\"]}]},{\"@type\":\"BreadcrumbList\",\"@id\":\"https:\\\/\\\/biofilmtest.com\\\/it\\\/informativa-sulla-privacy\\\/#breadcrumb\",\"itemListElement\":[{\"@type\":\"ListItem\",\"position\":1,\"name\":\"Inicio\",\"item\":\"https:\\\/\\\/biofilmtest.com\\\/es_es\\\/\"},{\"@type\":\"ListItem\",\"position\":2,\"name\":\"Pol\u00edtica de privacidad\"}]},{\"@type\":\"WebSite\",\"@id\":\"https:\\\/\\\/biofilmtest.com\\\/es_es\\\/#website\",\"url\":\"https:\\\/\\\/biofilmtest.com\\\/es_es\\\/\",\"name\":\"BiofilmTEST\",\"description\":\"Control, detecci\u00f3n y eliminaci\u00f3n de Biofilms\",\"publisher\":{\"@id\":\"https:\\\/\\\/biofilmtest.com\\\/es_es\\\/#organization\"},\"potentialAction\":[{\"@type\":\"SearchAction\",\"target\":{\"@type\":\"EntryPoint\",\"urlTemplate\":\"https:\\\/\\\/biofilmtest.com\\\/es_es\\\/?s={search_term_string}\"},\"query-input\":{\"@type\":\"PropertyValueSpecification\",\"valueRequired\":true,\"valueName\":\"search_term_string\"}}],\"inLanguage\":\"pt-BR\"},{\"@type\":\"Organization\",\"@id\":\"https:\\\/\\\/biofilmtest.com\\\/es_es\\\/#organization\",\"name\":\"Betelgeux SL\",\"url\":\"https:\\\/\\\/biofilmtest.com\\\/es_es\\\/\",\"logo\":{\"@type\":\"ImageObject\",\"inLanguage\":\"pt-BR\",\"@id\":\"https:\\\/\\\/biofilmtest.com\\\/es_es\\\/#\\\/schema\\\/logo\\\/image\\\/\",\"url\":\"https:\\\/\\\/biofilmtest.com\\\/wp-content\\\/uploads\\\/2020\\\/10\\\/BiofilmTEST.png\",\"contentUrl\":\"https:\\\/\\\/biofilmtest.com\\\/wp-content\\\/uploads\\\/2020\\\/10\\\/BiofilmTEST.png\",\"width\":479,\"height\":78,\"caption\":\"Betelgeux SL\"},\"image\":{\"@id\":\"https:\\\/\\\/biofilmtest.com\\\/es_es\\\/#\\\/schema\\\/logo\\\/image\\\/\"},\"sameAs\":[\"https:\\\/\\\/www.facebook.com\\\/Betelgeux.es\",\"https:\\\/\\\/x.com\\\/Betelgeux_es\",\"http:\\\/\\\/www.linkedin.com\\\/company\\\/2421431\",\"https:\\\/\\\/www.youtube.com\\\/user\\\/betelgeuxtv\"]}]}<\/script>\n<!-- \/ Yoast SEO plugin. -->","yoast_head_json":{"title":"BiofilmTEST &#8226; Pol\u00edtica de privacidad","description":"Pol\u00edtica de privacidad y aviso legal de Biofilmtest","robots":{"index":"index","follow":"follow","max-snippet":"max-snippet:-1","max-image-preview":"max-image-preview:large","max-video-preview":"max-video-preview:-1"},"canonical":"https:\/\/biofilmtest.com\/pt\/informativa-sulla-privacy\/","og_locale":"pt_BR","og_type":"article","og_title":"BiofilmTEST &#8226; Pol\u00edtica de privacidad","og_description":"Pol\u00edtica de privacidad y aviso legal de Biofilmtest","og_url":"https:\/\/biofilmtest.com\/pt\/informativa-sulla-privacy\/","og_site_name":"BiofilmTEST","article_publisher":"https:\/\/www.facebook.com\/Betelgeux.es","article_modified_time":"2021-06-16T14:30:55+00:00","twitter_card":"summary_large_image","twitter_site":"@Betelgeux_es","twitter_misc":{"Est. tempo de leitura":"4 minutos"},"schema":{"@context":"https:\/\/schema.org","@graph":[{"@type":"WebPage","@id":"https:\/\/biofilmtest.com\/it\/informativa-sulla-privacy\/","url":"https:\/\/biofilmtest.com\/it\/informativa-sulla-privacy\/","name":"BiofilmTEST &#8226; Pol\u00edtica de privacidad","isPartOf":{"@id":"https:\/\/biofilmtest.com\/es_es\/#website"},"datePublished":"2020-08-19T10:27:43+00:00","dateModified":"2021-06-16T14:30:55+00:00","description":"Pol\u00edtica de privacidad y aviso legal de Biofilmtest","breadcrumb":{"@id":"https:\/\/biofilmtest.com\/it\/informativa-sulla-privacy\/#breadcrumb"},"inLanguage":"pt-BR","potentialAction":[{"@type":"ReadAction","target":["https:\/\/biofilmtest.com\/it\/informativa-sulla-privacy\/"]}]},{"@type":"BreadcrumbList","@id":"https:\/\/biofilmtest.com\/it\/informativa-sulla-privacy\/#breadcrumb","itemListElement":[{"@type":"ListItem","position":1,"name":"Inicio","item":"https:\/\/biofilmtest.com\/es_es\/"},{"@type":"ListItem","position":2,"name":"Pol\u00edtica de privacidad"}]},{"@type":"WebSite","@id":"https:\/\/biofilmtest.com\/es_es\/#website","url":"https:\/\/biofilmtest.com\/es_es\/","name":"BiofilmTEST","description":"Control, detecci\u00f3n y eliminaci\u00f3n de Biofilms","publisher":{"@id":"https:\/\/biofilmtest.com\/es_es\/#organization"},"potentialAction":[{"@type":"SearchAction","target":{"@type":"EntryPoint","urlTemplate":"https:\/\/biofilmtest.com\/es_es\/?s={search_term_string}"},"query-input":{"@type":"PropertyValueSpecification","valueRequired":true,"valueName":"search_term_string"}}],"inLanguage":"pt-BR"},{"@type":"Organization","@id":"https:\/\/biofilmtest.com\/es_es\/#organization","name":"Betelgeux SL","url":"https:\/\/biofilmtest.com\/es_es\/","logo":{"@type":"ImageObject","inLanguage":"pt-BR","@id":"https:\/\/biofilmtest.com\/es_es\/#\/schema\/logo\/image\/","url":"https:\/\/biofilmtest.com\/wp-content\/uploads\/2020\/10\/BiofilmTEST.png","contentUrl":"https:\/\/biofilmtest.com\/wp-content\/uploads\/2020\/10\/BiofilmTEST.png","width":479,"height":78,"caption":"Betelgeux SL"},"image":{"@id":"https:\/\/biofilmtest.com\/es_es\/#\/schema\/logo\/image\/"},"sameAs":["https:\/\/www.facebook.com\/Betelgeux.es","https:\/\/x.com\/Betelgeux_es","http:\/\/www.linkedin.com\/company\/2421431","https:\/\/www.youtube.com\/user\/betelgeuxtv"]}]}},"uagb_featured_image_src":{"full":false,"thumbnail":false,"medium":false,"medium_large":false,"large":false,"1536x1536":false,"2048x2048":false,"trp-custom-language-flag":false,"hestia-blog":false},"uagb_author_info":{"display_name":"usuario","author_link":"https:\/\/biofilmtest.com\/pt\/author\/usuario\/"},"uagb_comment_info":0,"uagb_excerpt":"BIOFILMTEST Cookies y aviso legal Betelgeux, S.L. tiene la obligaci\u00f3n por el Real Decreto-ley 13\/2012 que modifica la Ley 34\/2002, de 11 de julio, de servicios de la sociedad de la informaci\u00f3n y de comercio electr\u00f3nico, de informar y obtener el consentimiento del ciudadano acerca del uso de las cookies [&hellip;]","_links":{"self":[{"href":"https:\/\/biofilmtest.com\/pt\/wp-json\/wp\/v2\/pages\/6638","targetHints":{"allow":["GET"]}}],"collection":[{"href":"https:\/\/biofilmtest.com\/pt\/wp-json\/wp\/v2\/pages"}],"about":[{"href":"https:\/\/biofilmtest.com\/pt\/wp-json\/wp\/v2\/types\/page"}],"author":[{"embeddable":true,"href":"https:\/\/biofilmtest.com\/pt\/wp-json\/wp\/v2\/users\/4"}],"replies":[{"embeddable":true,"href":"https:\/\/biofilmtest.com\/pt\/wp-json\/wp\/v2\/comments?post=6638"}],"version-history":[{"count":3,"href":"https:\/\/biofilmtest.com\/pt\/wp-json\/wp\/v2\/pages\/6638\/revisions"}],"predecessor-version":[{"id":8426,"href":"https:\/\/biofilmtest.com\/pt\/wp-json\/wp\/v2\/pages\/6638\/revisions\/8426"}],"wp:attachment":[{"href":"https:\/\/biofilmtest.com\/pt\/wp-json\/wp\/v2\/media?parent=6638"}],"curies":[{"name":"wp","href":"https:\/\/api.w.org\/{rel}","templated":true}]}}