{"id":6120,"date":"2020-07-21T12:43:42","date_gmt":"2020-07-21T10:43:42","guid":{"rendered":"https:\/\/biofilmtest.com\/?page_id=6120"},"modified":"2026-01-07T14:58:42","modified_gmt":"2026-01-07T12:58:42","slug":"pide-tu-muestra","status":"publish","type":"page","link":"https:\/\/biofilmtest.com\/pt\/pide-tu-muestra\/","title":{"rendered":"Pide tu muestra"},"content":{"rendered":"<div data-elementor-type=\"wp-page\" data-elementor-id=\"6120\" class=\"elementor elementor-6120\">\n\t\t\t\t\t\t<section class=\"elementor-section elementor-top-section elementor-element elementor-element-7d2b179 elementor-section-full_width elementor-section-stretched elementor-section-height-default elementor-section-height-default\" data-id=\"7d2b179\" data-element_type=\"section\" data-e-type=\"section\" data-settings=\"{&quot;stretch_section&quot;:&quot;section-stretched&quot;}\">\n\t\t\t\t\t\t<div class=\"elementor-container elementor-column-gap-default\">\n\t\t\t\t\t<div class=\"elementor-column elementor-col-100 elementor-top-column elementor-element elementor-element-755b4e7\" data-id=\"755b4e7\" data-element_type=\"column\" data-e-type=\"column\">\n\t\t\t<div class=\"elementor-widget-wrap elementor-element-populated\">\n\t\t\t\t\t\t<div class=\"elementor-element elementor-element-c750349 premium-nav-hor premium-nav-none premium-ham-dropdown elementor-widget elementor-widget-premium-nav-menu\" data-id=\"c750349\" data-element_type=\"widget\" data-e-type=\"widget\" data-settings=\"{&quot;submenu_icon&quot;:{&quot;value&quot;:&quot;fas fa-angle-down&quot;,&quot;library&quot;:&quot;fa-solid&quot;},&quot;submenu_item_icon&quot;:{&quot;value&quot;:&quot;&quot;,&quot;library&quot;:&quot;&quot;}}\" data-widget_type=\"premium-nav-menu.default\">\n\t\t\t\t<div class=\"elementor-widget-container\">\n\t\t\t\t\t\t\t<div data-settings=\"{&quot;breakpoint&quot;:1024,&quot;mobileLayout&quot;:&quot;dropdown&quot;,&quot;mainLayout&quot;:&quot;hor&quot;,&quot;stretchDropdown&quot;:false,&quot;hoverEffect&quot;:&quot;&quot;,&quot;submenuEvent&quot;:&quot;hover&quot;,&quot;submenuTrigger&quot;:&quot;item&quot;,&quot;closeAfterClick&quot;:false,&quot;renderMobileMenu&quot;:true}\" class=\"premium-nav-widget-container premium-nav-pointer-none\" style=\"visibility:hidden; opacity:0;\">\n\t\t\t<div class=\"premium-ver-inner-container\">\n\t\t\t\t\t\t\t\t\t<div class=\"premium-hamburger-toggle premium-mobile-menu-icon\" role=\"button\" aria-label=\"Toggle Menu\">\n\t\t\t\t\t\t<span class=\"premium-toggle-text\">\n\t\t\t\t\t\t\t<i aria-hidden=\"true\" class=\"fas fa-bars\"><\/i>Men\u00fa\t\t\t\t\t\t<\/span>\n\t\t\t\t\t\t<span class=\"premium-toggle-close\">\n\t\t\t\t\t\t\t<i aria-hidden=\"true\" class=\"fas fa-times\"><\/i>Cerrar\t\t\t\t\t\t<\/span>\n\t\t\t\t\t<\/div>\n\t\t\t\t\t\t\t\t\t\t\t<div class=\"premium-nav-menu-container premium-nav-default\">\n\t\t\t\t\t\t\t<ul id=\"menu-menu-2020-contacto\" class=\"premium-nav-menu premium-main-nav-menu\"><li id=\"premium-nav-menu-item-8614\" class=\"menu-item menu-item-type-post_type menu-item-object-page menu-item-home premium-nav-menu-item\"><a href=\"https:\/\/biofilmtest.com\/pt\/\" class=\"premium-menu-link premium-menu-link-parent premium-lq__none\">Inicio<\/a><\/li>\n<li id=\"premium-nav-menu-item-8014\" class=\"menu-item menu-item-type-post_type menu-item-object-page premium-nav-menu-item\"><a href=\"https:\/\/biofilmtest.com\/pt\/que-son-los-biofilms\/\" class=\"premium-menu-link premium-menu-link-parent premium-lq__none\">O que s\u00e3o biofilmes?<\/a><\/li>\n<li id=\"premium-nav-menu-item-8013\" class=\"menu-item menu-item-type-post_type menu-item-object-page premium-nav-menu-item\"><a href=\"https:\/\/biofilmtest.com\/pt\/deteccion-y-eliminacion-de-biofilms\/\" class=\"premium-menu-link premium-menu-link-parent premium-lq__none\">Detec\u00e7\u00e3o e remo\u00e7\u00e3o<\/a><\/li>\n<li id=\"premium-nav-menu-item-8016\" class=\"menu-item menu-item-type-post_type menu-item-object-page premium-nav-menu-item\"><a href=\"https:\/\/biofilmtest.com\/pt\/casos-de-exito\/\" class=\"premium-menu-link premium-menu-link-parent premium-lq__none\">Hist\u00f3rias bem sucedidas<\/a><\/li>\n<li id=\"premium-nav-menu-item-8011\" class=\"menu-item menu-item-type-post_type menu-item-object-page premium-nav-menu-item\"><a href=\"https:\/\/biofilmtest.com\/pt\/nosotros-betelgeux-christeyns\/\" class=\"premium-menu-link premium-menu-link-parent premium-lq__none\">Sobre n\u00f3s<\/a><\/li>\n<li id=\"premium-nav-menu-item-8015\" class=\"menu-item menu-item-type-post_type menu-item-object-page premium-nav-menu-item\"><a href=\"https:\/\/biofilmtest.com\/pt\/blog\/\" class=\"premium-menu-link premium-menu-link-parent premium-lq__none\">Blog<\/a><\/li>\n<li id=\"premium-nav-menu-item-8012\" class=\"menu-item menu-item-type-post_type menu-item-object-page premium-nav-menu-item\"><a href=\"https:\/\/biofilmtest.com\/pt\/preguntas-y-respuestas-tbf-300\/\" class=\"premium-menu-link premium-menu-link-parent premium-lq__none\">FAQ<\/a><\/li>\n<li id=\"premium-nav-menu-item-8017\" class=\"menu-item menu-item-type-post_type menu-item-object-page premium-nav-menu-item\"><a href=\"https:\/\/biofilmtest.com\/pt\/contacta-con-nosotros\/\" class=\"premium-menu-link premium-menu-link-parent premium-lq__none\">Contate-nos<\/a><\/li>\n<\/ul>\t\t\t\t\t\t<\/div>\n\t\t\t\t\t\t\t\t\t\t\t\t<div class=\"premium-mobile-menu-container\">\n\t\t\t\t\t\t\t\t\t\t\t\t\t\t\t<ul id=\"menu-menu-2020-contacto-1\" class=\"premium-mobile-menu premium-main-mobile-menu premium-main-nav-menu\"><li id=\"premium-nav-menu-item-86141\" class=\"menu-item menu-item-type-post_type menu-item-object-page menu-item-home premium-nav-menu-item\"><a href=\"https:\/\/biofilmtest.com\/pt\/\" class=\"premium-menu-link premium-menu-link-parent premium-lq__none\">Inicio<\/a><\/li>\n<li id=\"premium-nav-menu-item-80142\" class=\"menu-item menu-item-type-post_type menu-item-object-page premium-nav-menu-item\"><a href=\"https:\/\/biofilmtest.com\/pt\/que-son-los-biofilms\/\" class=\"premium-menu-link premium-menu-link-parent premium-lq__none\">O que s\u00e3o biofilmes?<\/a><\/li>\n<li id=\"premium-nav-menu-item-80133\" class=\"menu-item menu-item-type-post_type menu-item-object-page premium-nav-menu-item\"><a href=\"https:\/\/biofilmtest.com\/pt\/deteccion-y-eliminacion-de-biofilms\/\" class=\"premium-menu-link premium-menu-link-parent premium-lq__none\">Detec\u00e7\u00e3o e remo\u00e7\u00e3o<\/a><\/li>\n<li id=\"premium-nav-menu-item-80164\" class=\"menu-item menu-item-type-post_type menu-item-object-page premium-nav-menu-item\"><a href=\"https:\/\/biofilmtest.com\/pt\/casos-de-exito\/\" class=\"premium-menu-link premium-menu-link-parent premium-lq__none\">Hist\u00f3rias bem sucedidas<\/a><\/li>\n<li id=\"premium-nav-menu-item-80115\" class=\"menu-item menu-item-type-post_type menu-item-object-page premium-nav-menu-item\"><a href=\"https:\/\/biofilmtest.com\/pt\/nosotros-betelgeux-christeyns\/\" class=\"premium-menu-link premium-menu-link-parent premium-lq__none\">Sobre n\u00f3s<\/a><\/li>\n<li id=\"premium-nav-menu-item-80156\" class=\"menu-item menu-item-type-post_type menu-item-object-page premium-nav-menu-item\"><a href=\"https:\/\/biofilmtest.com\/pt\/blog\/\" class=\"premium-menu-link premium-menu-link-parent premium-lq__none\">Blog<\/a><\/li>\n<li id=\"premium-nav-menu-item-80127\" class=\"menu-item menu-item-type-post_type menu-item-object-page premium-nav-menu-item\"><a href=\"https:\/\/biofilmtest.com\/pt\/preguntas-y-respuestas-tbf-300\/\" class=\"premium-menu-link premium-menu-link-parent premium-lq__none\">FAQ<\/a><\/li>\n<li id=\"premium-nav-menu-item-80178\" class=\"menu-item menu-item-type-post_type menu-item-object-page premium-nav-menu-item\"><a href=\"https:\/\/biofilmtest.com\/pt\/contacta-con-nosotros\/\" class=\"premium-menu-link premium-menu-link-parent premium-lq__none\">Contate-nos<\/a><\/li>\n<\/ul>\t\t\t\t\t\t\t\t\t\t\t\t\t\t<\/div>\n\t\t\t\t\t\t\t\t\t\t<\/div>\n\t\t\t<\/div>\n\t\t\t\t\t\t\t<\/div>\n\t\t\t\t<\/div>\n\t\t\t\t\t<\/div>\n\t\t<\/div>\n\t\t\t\t\t<\/div>\n\t\t<\/section>\n\t\t\t\t<section class=\"elementor-section elementor-top-section elementor-element elementor-element-b0317cd elementor-section-height-min-height elementor-section-boxed elementor-section-height-default elementor-section-items-middle\" data-id=\"b0317cd\" data-element_type=\"section\" data-e-type=\"section\" data-no-translation=\"\">\n\t\t\t\t\t\t\t<div class=\"elementor-background-overlay\"><\/div>\n\t\t\t\t\t\t\t<div class=\"elementor-container elementor-column-gap-default\">\n\t\t\t\t\t<div class=\"elementor-column elementor-col-50 elementor-top-column elementor-element elementor-element-13dc8b3 elementor-hidden-tablet elementor-hidden-phone\" data-id=\"13dc8b3\" data-element_type=\"column\" data-e-type=\"column\">\n\t\t\t<div class=\"elementor-widget-wrap\">\n\t\t\t\t\t\t\t<\/div>\n\t\t<\/div>\n\t\t\t\t<div class=\"elementor-column elementor-col-50 elementor-top-column elementor-element elementor-element-437b2e8\" data-id=\"437b2e8\" data-element_type=\"column\" data-e-type=\"column\">\n\t\t\t<div class=\"elementor-widget-wrap elementor-element-populated\">\n\t\t\t\t\t\t<div class=\"elementor-element elementor-element-de240e1 elementor-widget elementor-widget-spacer\" data-id=\"de240e1\" data-element_type=\"widget\" data-e-type=\"widget\" data-widget_type=\"spacer.default\">\n\t\t\t\t<div class=\"elementor-widget-container\">\n\t\t\t\t\t\t\t<div class=\"elementor-spacer\">\n\t\t\t<div class=\"elementor-spacer-inner\"><\/div>\n\t\t<\/div>\n\t\t\t\t\t\t<\/div>\n\t\t\t\t<\/div>\n\t\t\t\t<div class=\"elementor-element elementor-element-53a7996 elementor-widget elementor-widget-heading\" data-id=\"53a7996\" data-element_type=\"widget\" data-e-type=\"widget\" data-widget_type=\"heading.default\">\n\t\t\t\t<div class=\"elementor-widget-container\">\n\t\t\t\t\t<h1 class=\"elementor-heading-title elementor-size-default\"><a href=\"https:\/\/biofilmtest.com\/es_es\/deteccion-y-eliminacion-de-biofilms\/\">Detector de biofilme<\/a><\/h1>\t\t\t\t<\/div>\n\t\t\t\t<\/div>\n\t\t\t\t<div class=\"elementor-element elementor-element-ced9632 elementor-widget elementor-widget-text-editor\" data-id=\"ced9632\" data-element_type=\"widget\" data-e-type=\"widget\" data-widget_type=\"text-editor.default\">\n\t\t\t\t<div class=\"elementor-widget-container\">\n\t\t\t\t\t\t\t\t\t<p>Solicite uma amostra gr\u00e1tis de <a href=\"https:\/\/biofilmtest.com\/es_es\/deteccion-y-eliminacion-de-biofilms\/\"><b>TBF\u00ae 300<\/b><\/a><\/p>\t\t\t\t\t\t\t\t<\/div>\n\t\t\t\t<\/div>\n\t\t\t\t<div class=\"elementor-element elementor-element-3096f6e elementor-widget elementor-widget-text-editor\" data-id=\"3096f6e\" data-element_type=\"widget\" data-e-type=\"widget\" data-widget_type=\"text-editor.default\">\n\t\t\t\t<div class=\"elementor-widget-container\">\n\t\t\t\t\t\t\t\t\t<p><span>** Os custos de envio n\u00e3o est\u00e3o inclu\u00eddos. Para remessas internacionais, favor contatar antes pelo correio para\u00a0<\/span><a href=\"mailto:biofilmtest@biofilmtest.com\" target=\"_blank\" rel=\"noopener\">biofilmtest@biofilmtest.com<\/a><\/p>\t\t\t\t\t\t\t\t<\/div>\n\t\t\t\t<\/div>\n\t\t\t\t<div class=\"elementor-element elementor-element-5cae93f elementor-widget elementor-widget-text-editor\" data-id=\"5cae93f\" data-element_type=\"widget\" data-e-type=\"widget\" data-widget_type=\"text-editor.default\">\n\t\t\t\t<div class=\"elementor-widget-container\">\n\t\t\t\t\t\t\t\t\t<script charset=\"utf-8\" type=\"text\/javascript\" src=\"\/\/js-eu1.hsforms.net\/forms\/embed\/v2.js\"><\/script>\n\n<script>\n\n\u00a0 hbspt.forms.create({\n\n\u00a0\u00a0\u00a0 portalId: \"25513656\",\n\n\u00a0\u00a0\u00a0 formId: \"427f1f68-1bfe-47db-a458-baf5006ece46\",\n\n\u00a0\u00a0\u00a0 region: \"eu1\"\n\n\u00a0 });\n\n<\/script>\t\t\t\t\t\t\t\t<\/div>\n\t\t\t\t<\/div>\n\t\t\t\t\t<\/div>\n\t\t<\/div>\n\t\t\t\t\t<\/div>\n\t\t<\/section>\n\t\t\t\t<\/div>","protected":false},"excerpt":{"rendered":"<p>Men\u00fa Cerrar Inicio \u00bfQu\u00e9 son los biofilms? Detecci\u00f3n y Eliminaci\u00f3n Casos de \u00e9xito Nosotros Blog FAQ Contacto Inicio \u00bfQu\u00e9 son los biofilms? Detecci\u00f3n y Eliminaci\u00f3n Casos de \u00e9xito Nosotros Blog FAQ Contacto Kit rilevamento biofilm Richiedi un campione gratuito di TBF\u00ae 300 ** Le spese di spedizione non sono incluse. [&hellip;]<\/p>\n","protected":false},"author":4,"featured_media":7622,"parent":0,"menu_order":0,"comment_status":"closed","ping_status":"closed","template":"elementor_canvas","meta":{"_uag_custom_page_level_css":"","_themeisle_gutenberg_block_has_review":false,"footnotes":""},"class_list":["post-6120","page","type-page","status-publish","has-post-thumbnail","hentry"],"yoast_head":"<!-- This site is optimized with the Yoast SEO plugin v27.3 - https:\/\/yoast.com\/product\/yoast-seo-wordpress\/ -->\n<title>Solicita una muestra gratuita de TBF\u00ae 300\u200b &#8226; BiofilmTEST<\/title>\n<meta name=\"description\" content=\"Test de detecci\u00f3n r\u00e1pida de todo tipo de biofilms en la industria alimentaria. Solicita una muestra gratuita de TBF\u00ae 300\u200b\" \/>\n<meta name=\"robots\" content=\"index, follow, max-snippet:-1, max-image-preview:large, max-video-preview:-1\" \/>\n<link rel=\"canonical\" href=\"https:\/\/biofilmtest.com\/pt\/pide-tu-muestra\/\" \/>\n<meta property=\"og:locale\" content=\"pt_BR\" \/>\n<meta property=\"og:type\" content=\"article\" \/>\n<meta property=\"og:title\" content=\"Solicita una muestra gratuita de TBF\u00ae 300\u200b &#8226; BiofilmTEST\" \/>\n<meta property=\"og:description\" content=\"Test de detecci\u00f3n r\u00e1pida de todo tipo de biofilms en la industria alimentaria. Solicita una muestra gratuita de TBF\u00ae 300\u200b\" \/>\n<meta property=\"og:url\" content=\"https:\/\/biofilmtest.com\/pt\/pide-tu-muestra\/\" \/>\n<meta property=\"og:site_name\" content=\"BiofilmTEST\" \/>\n<meta property=\"article:publisher\" content=\"https:\/\/www.facebook.com\/Betelgeux.es\" \/>\n<meta property=\"article:modified_time\" content=\"2026-01-07T12:58:42+00:00\" \/>\n<meta property=\"og:image\" content=\"https:\/\/biofilmtest.com\/wp-content\/uploads\/2020\/10\/pide-tu-muestra.jpg\" \/>\n\t<meta property=\"og:image:width\" content=\"600\" \/>\n\t<meta property=\"og:image:height\" content=\"450\" \/>\n\t<meta property=\"og:image:type\" content=\"image\/jpeg\" \/>\n<meta name=\"twitter:card\" content=\"summary_large_image\" \/>\n<meta name=\"twitter:site\" content=\"@Betelgeux_es\" \/>\n<meta name=\"twitter:label1\" content=\"Est. tempo de leitura\" \/>\n\t<meta name=\"twitter:data1\" content=\"1 minuto\" \/>\n<script type=\"application\/ld+json\" class=\"yoast-schema-graph\">{\"@context\":\"https:\\\/\\\/schema.org\",\"@graph\":[{\"@type\":\"WebPage\",\"@id\":\"https:\\\/\\\/biofilmtest.com\\\/pide-tu-muestra\\\/\",\"url\":\"https:\\\/\\\/biofilmtest.com\\\/pide-tu-muestra\\\/\",\"name\":\"Solicita una muestra gratuita de TBF\u00ae 300\u200b &#8226; BiofilmTEST\",\"isPartOf\":{\"@id\":\"https:\\\/\\\/biofilmtest.com\\\/es_es\\\/#website\"},\"primaryImageOfPage\":{\"@id\":\"https:\\\/\\\/biofilmtest.com\\\/pide-tu-muestra\\\/#primaryimage\"},\"image\":{\"@id\":\"https:\\\/\\\/biofilmtest.com\\\/pide-tu-muestra\\\/#primaryimage\"},\"thumbnailUrl\":\"https:\\\/\\\/biofilmtest.com\\\/wp-content\\\/uploads\\\/2020\\\/10\\\/pide-tu-muestra.jpg\",\"datePublished\":\"2020-07-21T10:43:42+00:00\",\"dateModified\":\"2026-01-07T12:58:42+00:00\",\"description\":\"Test de detecci\u00f3n r\u00e1pida de todo tipo de biofilms en la industria alimentaria. Solicita una muestra gratuita de TBF\u00ae 300\u200b\",\"breadcrumb\":{\"@id\":\"https:\\\/\\\/biofilmtest.com\\\/pide-tu-muestra\\\/#breadcrumb\"},\"inLanguage\":\"pt-BR\",\"potentialAction\":[{\"@type\":\"ReadAction\",\"target\":[\"https:\\\/\\\/biofilmtest.com\\\/pide-tu-muestra\\\/\"]}]},{\"@type\":\"ImageObject\",\"inLanguage\":\"pt-BR\",\"@id\":\"https:\\\/\\\/biofilmtest.com\\\/pide-tu-muestra\\\/#primaryimage\",\"url\":\"https:\\\/\\\/biofilmtest.com\\\/wp-content\\\/uploads\\\/2020\\\/10\\\/pide-tu-muestra.jpg\",\"contentUrl\":\"https:\\\/\\\/biofilmtest.com\\\/wp-content\\\/uploads\\\/2020\\\/10\\\/pide-tu-muestra.jpg\",\"width\":600,\"height\":450,\"caption\":\"Solicita tu muestra gratuita de TBF\u00ae300\"},{\"@type\":\"BreadcrumbList\",\"@id\":\"https:\\\/\\\/biofilmtest.com\\\/pide-tu-muestra\\\/#breadcrumb\",\"itemListElement\":[{\"@type\":\"ListItem\",\"position\":1,\"name\":\"Inicio\",\"item\":\"https:\\\/\\\/biofilmtest.com\\\/es_es\\\/\"},{\"@type\":\"ListItem\",\"position\":2,\"name\":\"Pide tu muestra\"}]},{\"@type\":\"WebSite\",\"@id\":\"https:\\\/\\\/biofilmtest.com\\\/es_es\\\/#website\",\"url\":\"https:\\\/\\\/biofilmtest.com\\\/es_es\\\/\",\"name\":\"BiofilmTEST\",\"description\":\"Control, detecci\u00f3n y eliminaci\u00f3n de Biofilms\",\"publisher\":{\"@id\":\"https:\\\/\\\/biofilmtest.com\\\/es_es\\\/#organization\"},\"potentialAction\":[{\"@type\":\"SearchAction\",\"target\":{\"@type\":\"EntryPoint\",\"urlTemplate\":\"https:\\\/\\\/biofilmtest.com\\\/es_es\\\/?s={search_term_string}\"},\"query-input\":{\"@type\":\"PropertyValueSpecification\",\"valueRequired\":true,\"valueName\":\"search_term_string\"}}],\"inLanguage\":\"pt-BR\"},{\"@type\":\"Organization\",\"@id\":\"https:\\\/\\\/biofilmtest.com\\\/es_es\\\/#organization\",\"name\":\"Betelgeux SL\",\"url\":\"https:\\\/\\\/biofilmtest.com\\\/es_es\\\/\",\"logo\":{\"@type\":\"ImageObject\",\"inLanguage\":\"pt-BR\",\"@id\":\"https:\\\/\\\/biofilmtest.com\\\/es_es\\\/#\\\/schema\\\/logo\\\/image\\\/\",\"url\":\"https:\\\/\\\/biofilmtest.com\\\/wp-content\\\/uploads\\\/2020\\\/10\\\/BiofilmTEST.png\",\"contentUrl\":\"https:\\\/\\\/biofilmtest.com\\\/wp-content\\\/uploads\\\/2020\\\/10\\\/BiofilmTEST.png\",\"width\":479,\"height\":78,\"caption\":\"Betelgeux SL\"},\"image\":{\"@id\":\"https:\\\/\\\/biofilmtest.com\\\/es_es\\\/#\\\/schema\\\/logo\\\/image\\\/\"},\"sameAs\":[\"https:\\\/\\\/www.facebook.com\\\/Betelgeux.es\",\"https:\\\/\\\/x.com\\\/Betelgeux_es\",\"http:\\\/\\\/www.linkedin.com\\\/company\\\/2421431\",\"https:\\\/\\\/www.youtube.com\\\/user\\\/betelgeuxtv\"]}]}<\/script>\n<!-- \/ Yoast SEO plugin. -->","yoast_head_json":{"title":"Solicita una muestra gratuita de TBF\u00ae 300\u200b &#8226; BiofilmTEST","description":"Test de detecci\u00f3n r\u00e1pida de todo tipo de biofilms en la industria alimentaria. Solicita una muestra gratuita de TBF\u00ae 300\u200b","robots":{"index":"index","follow":"follow","max-snippet":"max-snippet:-1","max-image-preview":"max-image-preview:large","max-video-preview":"max-video-preview:-1"},"canonical":"https:\/\/biofilmtest.com\/pt\/pide-tu-muestra\/","og_locale":"pt_BR","og_type":"article","og_title":"Solicita una muestra gratuita de TBF\u00ae 300\u200b &#8226; BiofilmTEST","og_description":"Test de detecci\u00f3n r\u00e1pida de todo tipo de biofilms en la industria alimentaria. Solicita una muestra gratuita de TBF\u00ae 300\u200b","og_url":"https:\/\/biofilmtest.com\/pt\/pide-tu-muestra\/","og_site_name":"BiofilmTEST","article_publisher":"https:\/\/www.facebook.com\/Betelgeux.es","article_modified_time":"2026-01-07T12:58:42+00:00","og_image":[{"width":600,"height":450,"url":"https:\/\/biofilmtest.com\/wp-content\/uploads\/2020\/10\/pide-tu-muestra.jpg","type":"image\/jpeg"}],"twitter_card":"summary_large_image","twitter_site":"@Betelgeux_es","twitter_misc":{"Est. tempo de leitura":"1 minuto"},"schema":{"@context":"https:\/\/schema.org","@graph":[{"@type":"WebPage","@id":"https:\/\/biofilmtest.com\/pide-tu-muestra\/","url":"https:\/\/biofilmtest.com\/pide-tu-muestra\/","name":"Solicita una muestra gratuita de TBF\u00ae 300\u200b &#8226; BiofilmTEST","isPartOf":{"@id":"https:\/\/biofilmtest.com\/es_es\/#website"},"primaryImageOfPage":{"@id":"https:\/\/biofilmtest.com\/pide-tu-muestra\/#primaryimage"},"image":{"@id":"https:\/\/biofilmtest.com\/pide-tu-muestra\/#primaryimage"},"thumbnailUrl":"https:\/\/biofilmtest.com\/wp-content\/uploads\/2020\/10\/pide-tu-muestra.jpg","datePublished":"2020-07-21T10:43:42+00:00","dateModified":"2026-01-07T12:58:42+00:00","description":"Test de detecci\u00f3n r\u00e1pida de todo tipo de biofilms en la industria alimentaria. Solicita una muestra gratuita de TBF\u00ae 300\u200b","breadcrumb":{"@id":"https:\/\/biofilmtest.com\/pide-tu-muestra\/#breadcrumb"},"inLanguage":"pt-BR","potentialAction":[{"@type":"ReadAction","target":["https:\/\/biofilmtest.com\/pide-tu-muestra\/"]}]},{"@type":"ImageObject","inLanguage":"pt-BR","@id":"https:\/\/biofilmtest.com\/pide-tu-muestra\/#primaryimage","url":"https:\/\/biofilmtest.com\/wp-content\/uploads\/2020\/10\/pide-tu-muestra.jpg","contentUrl":"https:\/\/biofilmtest.com\/wp-content\/uploads\/2020\/10\/pide-tu-muestra.jpg","width":600,"height":450,"caption":"Solicita tu muestra gratuita de TBF\u00ae300"},{"@type":"BreadcrumbList","@id":"https:\/\/biofilmtest.com\/pide-tu-muestra\/#breadcrumb","itemListElement":[{"@type":"ListItem","position":1,"name":"Inicio","item":"https:\/\/biofilmtest.com\/es_es\/"},{"@type":"ListItem","position":2,"name":"Pide tu muestra"}]},{"@type":"WebSite","@id":"https:\/\/biofilmtest.com\/es_es\/#website","url":"https:\/\/biofilmtest.com\/es_es\/","name":"BiofilmTEST","description":"Control, detecci\u00f3n y eliminaci\u00f3n de Biofilms","publisher":{"@id":"https:\/\/biofilmtest.com\/es_es\/#organization"},"potentialAction":[{"@type":"SearchAction","target":{"@type":"EntryPoint","urlTemplate":"https:\/\/biofilmtest.com\/es_es\/?s={search_term_string}"},"query-input":{"@type":"PropertyValueSpecification","valueRequired":true,"valueName":"search_term_string"}}],"inLanguage":"pt-BR"},{"@type":"Organization","@id":"https:\/\/biofilmtest.com\/es_es\/#organization","name":"Betelgeux SL","url":"https:\/\/biofilmtest.com\/es_es\/","logo":{"@type":"ImageObject","inLanguage":"pt-BR","@id":"https:\/\/biofilmtest.com\/es_es\/#\/schema\/logo\/image\/","url":"https:\/\/biofilmtest.com\/wp-content\/uploads\/2020\/10\/BiofilmTEST.png","contentUrl":"https:\/\/biofilmtest.com\/wp-content\/uploads\/2020\/10\/BiofilmTEST.png","width":479,"height":78,"caption":"Betelgeux SL"},"image":{"@id":"https:\/\/biofilmtest.com\/es_es\/#\/schema\/logo\/image\/"},"sameAs":["https:\/\/www.facebook.com\/Betelgeux.es","https:\/\/x.com\/Betelgeux_es","http:\/\/www.linkedin.com\/company\/2421431","https:\/\/www.youtube.com\/user\/betelgeuxtv"]}]}},"uagb_featured_image_src":{"full":["https:\/\/biofilmtest.com\/wp-content\/uploads\/2020\/10\/pide-tu-muestra.jpg",600,450,false],"thumbnail":["https:\/\/biofilmtest.com\/wp-content\/uploads\/2020\/10\/pide-tu-muestra-120x90.jpg",120,90,true],"medium":["https:\/\/biofilmtest.com\/wp-content\/uploads\/2020\/10\/pide-tu-muestra-300x225.jpg",300,225,true],"medium_large":["https:\/\/biofilmtest.com\/wp-content\/uploads\/2020\/10\/pide-tu-muestra.jpg",600,450,false],"large":["https:\/\/biofilmtest.com\/wp-content\/uploads\/2020\/10\/pide-tu-muestra.jpg",600,450,false],"1536x1536":["https:\/\/biofilmtest.com\/wp-content\/uploads\/2020\/10\/pide-tu-muestra.jpg",600,450,false],"2048x2048":["https:\/\/biofilmtest.com\/wp-content\/uploads\/2020\/10\/pide-tu-muestra.jpg",600,450,false],"trp-custom-language-flag":["https:\/\/biofilmtest.com\/wp-content\/uploads\/2020\/10\/pide-tu-muestra.jpg",16,12,false],"hestia-blog":["https:\/\/biofilmtest.com\/wp-content\/uploads\/2020\/10\/pide-tu-muestra-360x240.jpg",360,240,true]},"uagb_author_info":{"display_name":"usuario","author_link":"https:\/\/biofilmtest.com\/pt\/author\/usuario\/"},"uagb_comment_info":0,"uagb_excerpt":"Men\u00fa Cerrar Inicio \u00bfQu\u00e9 son los biofilms? Detecci\u00f3n y Eliminaci\u00f3n Casos de \u00e9xito Nosotros Blog FAQ Contacto Inicio \u00bfQu\u00e9 son los biofilms? Detecci\u00f3n y Eliminaci\u00f3n Casos de \u00e9xito Nosotros Blog FAQ Contacto Kit rilevamento biofilm Richiedi un campione gratuito di TBF\u00ae 300 ** Le spese di spedizione non sono incluse. [&hellip;]","_links":{"self":[{"href":"https:\/\/biofilmtest.com\/pt\/wp-json\/wp\/v2\/pages\/6120","targetHints":{"allow":["GET"]}}],"collection":[{"href":"https:\/\/biofilmtest.com\/pt\/wp-json\/wp\/v2\/pages"}],"about":[{"href":"https:\/\/biofilmtest.com\/pt\/wp-json\/wp\/v2\/types\/page"}],"author":[{"embeddable":true,"href":"https:\/\/biofilmtest.com\/pt\/wp-json\/wp\/v2\/users\/4"}],"replies":[{"embeddable":true,"href":"https:\/\/biofilmtest.com\/pt\/wp-json\/wp\/v2\/comments?post=6120"}],"version-history":[{"count":144,"href":"https:\/\/biofilmtest.com\/pt\/wp-json\/wp\/v2\/pages\/6120\/revisions"}],"predecessor-version":[{"id":8747,"href":"https:\/\/biofilmtest.com\/pt\/wp-json\/wp\/v2\/pages\/6120\/revisions\/8747"}],"wp:featuredmedia":[{"embeddable":true,"href":"https:\/\/biofilmtest.com\/pt\/wp-json\/wp\/v2\/media\/7622"}],"wp:attachment":[{"href":"https:\/\/biofilmtest.com\/pt\/wp-json\/wp\/v2\/media?parent=6120"}],"curies":[{"name":"wp","href":"https:\/\/api.w.org\/{rel}","templated":true}]}}