{"id":6638,"date":"2020-08-19T12:27:43","date_gmt":"2020-08-19T10:27:43","guid":{"rendered":"https:\/\/biofilmtest.com\/?page_id=6638"},"modified":"2021-06-16T16:30:55","modified_gmt":"2021-06-16T14:30:55","slug":"politica-de-privacidad","status":"publish","type":"page","link":"https:\/\/biofilmtest.com\/it\/politica-de-privacidad\/","title":{"rendered":"Pol\u00edtica de privacidad"},"content":{"rendered":"<div data-elementor-type=\"wp-page\" data-elementor-id=\"6638\" class=\"elementor elementor-6638\">\n\t\t\t\t\t\t<section class=\"elementor-section elementor-top-section elementor-element elementor-element-0783dc3 elementor-section-full_width elementor-section-height-default elementor-section-height-default\" data-id=\"0783dc3\" data-element_type=\"section\" data-e-type=\"section\">\n\t\t\t\t\t\t<div class=\"elementor-container elementor-column-gap-default\">\n\t\t\t\t\t<div class=\"elementor-column elementor-col-100 elementor-top-column elementor-element elementor-element-6c85033\" data-id=\"6c85033\" data-element_type=\"column\" data-e-type=\"column\">\n\t\t\t<div class=\"elementor-widget-wrap elementor-element-populated\">\n\t\t\t\t\t\t<div class=\"elementor-element elementor-element-a205ad9 elementor-widget elementor-widget-template\" data-id=\"a205ad9\" data-element_type=\"widget\" data-e-type=\"widget\" data-widget_type=\"template.default\">\n\t\t\t\t<div class=\"elementor-widget-container\">\n\t\t\t\t\t \t\t\t\t<\/div>\n\t\t\t\t<\/div>\n\t\t\t\t\t<\/div>\n\t\t<\/div>\n\t\t\t\t\t<\/div>\n\t\t<\/section>\n\t\t\t\t<section class=\"elementor-section elementor-top-section elementor-element elementor-element-d7350d1 elementor-section-stretched elementor-section-content-middle elementor-section-boxed elementor-section-height-default elementor-section-height-default\" data-id=\"d7350d1\" data-element_type=\"section\" data-e-type=\"section\" data-settings=\"{&quot;stretch_section&quot;:&quot;section-stretched&quot;,&quot;background_background&quot;:&quot;classic&quot;}\">\n\t\t\t\t\t\t<div class=\"elementor-container elementor-column-gap-default\">\n\t\t\t\t\t<div class=\"elementor-column elementor-col-50 elementor-top-column elementor-element elementor-element-e8bc02e\" data-id=\"e8bc02e\" data-element_type=\"column\" data-e-type=\"column\">\n\t\t\t<div class=\"elementor-widget-wrap elementor-element-populated\">\n\t\t\t\t\t\t<div class=\"elementor-element elementor-element-32ccde1 premium-header-block premium-lq__none premium-box-lq__none elementor-widget elementor-widget-premium-addon-dual-header\" data-id=\"32ccde1\" data-element_type=\"widget\" data-e-type=\"widget\" data-settings=\"{&quot;_animation_tablet&quot;:&quot;none&quot;,&quot;_animation_mobile&quot;:&quot;none&quot;}\" data-widget_type=\"premium-addon-dual-header.default\">\n\t\t\t\t\t\n\t\t<div class=\"elementor-widget-container\">\n\t\t\t\t\t<h1 class=\"premium-dual-header-first-header  gradient\"><span class=\"premium-dual-header-first-span\">BIOFILMTEST <\/span><span class=\"premium-dual-header-second-header\">Cookie e note legali<\/span><\/h1> \t\t\t\t<\/div>\n\n\t\t\t\t\t\t<\/div>\n\t\t\t\t<div class=\"elementor-element elementor-element-c4130c3 elementor-widget-divider--separator-type-pattern elementor-widget-divider--view-line elementor-widget elementor-widget-divider\" data-id=\"c4130c3\" data-element_type=\"widget\" data-e-type=\"widget\" data-settings=\"{&quot;_animation_tablet&quot;:&quot;none&quot;,&quot;_animation_mobile&quot;:&quot;none&quot;}\" data-widget_type=\"divider.default\">\n\t\t\t\t<div class=\"elementor-widget-container\">\n\t\t\t\t\t\t\t<div class=\"elementor-divider\" style=\"--divider-pattern-url: url(&quot;data:image\/svg+xml,%3Csvg xmlns=&#039;http:\/\/www.w3.org\/2000\/svg&#039; preserveAspectRatio=&#039;none&#039; overflow=&#039;visible&#039; height=&#039;100%&#039; viewBox=&#039;0 0 20 16&#039; fill=&#039;none&#039; stroke=&#039;black&#039; stroke-width=&#039;1.2&#039; stroke-linecap=&#039;square&#039; stroke-miterlimit=&#039;10&#039;%3E%3Cg transform=&#039;translate(-12.000000, 0)&#039;%3E%3Cpath d=&#039;M28,0L10,18&#039;\/%3E%3Cpath d=&#039;M18,0L0,18&#039;\/%3E%3Cpath d=&#039;M48,0L30,18&#039;\/%3E%3Cpath d=&#039;M38,0L20,18&#039;\/%3E%3C\/g%3E%3C\/svg%3E&quot;);\">\n\t\t\t<span class=\"elementor-divider-separator\">\n\t\t\t\t\t\t<\/span>\n\t\t<\/div>\n\t\t\t\t\t\t<\/div>\n\t\t\t\t<\/div>\n\t\t\t\t<div class=\"elementor-element elementor-element-6b8be53 elementor-widget elementor-widget-text-editor\" data-id=\"6b8be53\" data-element_type=\"widget\" data-e-type=\"widget\" data-settings=\"{&quot;_animation_tablet&quot;:&quot;none&quot;,&quot;_animation_mobile&quot;:&quot;none&quot;}\" data-widget_type=\"text-editor.default\">\n\t\t\t\t<div class=\"elementor-widget-container\">\n\t\t\t\t\t\t\t\t\t<div><span style=\"letter-spacing: 0.6px; background-color: rgba(247, 247, 247, 0);\">Betelgeux, S.L. ha l'obbligo, con il Regio Decreto Legge 13\/2012 che modifica la Legge 34\/2002, dell'11 luglio, dei servizi della societ\u00e0 dell'informazione e del commercio elettronico, di informare e ottenere il consenso del cittadino sull'uso dei cookie nelle sue pagine web.<\/span><br><span style=\"letter-spacing: 0.6px; background-color: rgba(247, 247, 247, 0);\"><br><\/span><\/div>\n<div>\n<div>I cookie sono file che possono essere scaricati sul vostro computer attraverso pagine web. Sono strumenti che svolgono un ruolo essenziale nella fornitura di molti servizi della societ\u00e0 dell'informazione.<\/div>\n<div><\/div>\n<div>Tra l'altro, consentono ad un sito web di memorizzare e recuperare informazioni sulle abitudini di navigazione di un utente o del suo computer e, a seconda delle informazioni ottenute, possono essere utilizzate per riconoscere l'utente e migliorare il servizio offerto.<\/div>\n<div>&nbsp;<\/div>\n<div>A seconda dell'entit\u00e0 che gestisce il dominio da cui vengono inviati i cookie e che tratta i dati ottenuti, si possono distinguere due tipi: i cookie propri e i cookie di terze parti.<\/div>\n<div><\/div>\n<div><\/div>\n<div>Esiste anche una seconda classificazione in base al periodo di tempo in cui rimangono memorizzati nel browser del cliente, che pu\u00f2 essere un cookie di sessione o un cookie persistente.<\/div>\n<div><\/div>\n<\/div>\n<h2><strong>Cookie utilizzati sul sito web<\/strong><\/h2>\n<div>Di seguito vengono identificati i cookie utilizzati in questo portale, il loro tipo e la loro funzione:<\/div>\n<div>&nbsp;<\/div>\n<div>\n<p>Il sito web utilizza Google Analytics, un servizio di analisi web sviluppato da Google, che permette di misurare e analizzare la navigazione sui siti web. Nel vostro browser potete vedere 4 cookies di questo servizio. A seconda del tipo, si tratta di cookie propri, cookie di sessione e cookie di analisi. Potete trovare maggiori informazioni a riguardo e disattivare l'uso di questi cookie www.google.es\/intl\/es\/analytics\/privacyoverview.html&nbsp;<\/p>\n<\/div>\n<div>Nessuna informazione sui vostri dati personali viene ottenuta attraverso la web analytics, garantendo la tutela della privacy delle persone che navigano sul web. Le informazioni ottenute sono quelle relative al numero di utenti che accedono al sito web, al numero di pagine visualizzate, alla frequenza e alla ripetizione delle visite, alla loro durata, al browser utilizzato, all'operatore che fornisce il servizio, alla lingua, al terminale utilizzato o alla citt\u00e0 a cui \u00e8 assegnato l'indirizzo IP. Informazioni che consentono un servizio migliore e pi\u00f9 appropriato da parte di questo portale.<\/div>\n<div>&nbsp;<\/div>\n<div>\n<div>Un altro dei cookie che vengono scaricati di tipo tecnico sono:<\/div>\n<div>PHPSESSID necessario per la corretta navigazione nelle pagine web.<\/div>\n<div>Lingua -&gt; Per il controllo della lingua selezionata.<\/div>\n<div><\/div>\n<\/div>\n<div><\/div>\n<div>\n<div>Infine, viene scaricato un cookie tecnico chiamato cookies_policy , proprio, tecnico e di tipo di sessione. Gestisce il consenso dell'utente all'utilizzo dei cookies sulla pagina web, al fine di evitare l'eccessivo inconveniente di mostrare ripetutamente le informazioni sulla politica dei cookies nella parte superiore del web a coloro che l'hanno accettata.<\/div>\n<\/div>\n<div>\n<h2><strong>Accettazione della politica sui cookie<\/strong><\/h2>\n<div>Betelgeux, S.L., al fine di rispettare la suddetta normativa, mostra le informazioni sulla propria politica dei cookie nella parte superiore di ogni pagina del portale ad ogni accesso.<\/div>\n<div><\/div>\n<\/div>\n<div><p>Alla luce di queste informazioni \u00e8 possibile effettuare le seguenti azioni:<\/p>\n<\/div>\n<ul>\n<li>Continua a navigare. Questo avviso non verr\u00e0 pi\u00f9 visualizzato quando si accede a qualsiasi pagina del portale durante questa sessione, e la politica dei cookie sar\u00e0 accettata.<\/li>\n<li>Limitare i cookie o lasciare la pagina. \u00c8 possibile limitare, bloccare o eliminare i cookie di Betelgeux, S.L. o di qualsiasi altra pagina web, utilizzando il proprio browser. In ogni browser l'operazione \u00e8 diversa, la funzione 'Aiuto' vi mostrer\u00e0 come fare, se lo desiderate potete consultare l'operazione dai seguenti link:<\/li>\n<\/ul>\n<div>&#8211; Internet Explorer: windows.microsoft.com\/es-xl\/internet-explorer\/delete-manage-cookies#ie=ie-10<\/div>\n<div>&#8211; FireFox: support.mozilla.org\/es\/kb\/Borrar%20cookies<\/div>\n<div>&#8211; Chrome: support.google.com\/chrome\/answer\/95647?hl=es<\/div>\n<div><p>&#8211; Safari: www.apple.com\/es\/privacy\/use-of-cookies\/<\/p><\/div>\t\t\t\t\t\t\t\t<\/div>\n\t\t\t\t<\/div>\n\t\t\t\t\t<\/div>\n\t\t<\/div>\n\t\t\t\t<div class=\"elementor-column elementor-col-50 elementor-top-column elementor-element elementor-element-50c707f\" data-id=\"50c707f\" data-element_type=\"column\" data-e-type=\"column\">\n\t\t\t<div class=\"elementor-widget-wrap\">\n\t\t\t\t\t\t\t<\/div>\n\t\t<\/div>\n\t\t\t\t\t<\/div>\n\t\t<\/section>\n\t\t\t\t<section class=\"elementor-section elementor-top-section elementor-element elementor-element-73e435e elementor-section-full_width elementor-section-height-default elementor-section-height-default\" data-id=\"73e435e\" data-element_type=\"section\" data-e-type=\"section\">\n\t\t\t\t\t\t<div class=\"elementor-container elementor-column-gap-default\">\n\t\t\t\t\t<div class=\"elementor-column elementor-col-100 elementor-top-column elementor-element elementor-element-03fbc34\" data-id=\"03fbc34\" data-element_type=\"column\" data-e-type=\"column\">\n\t\t\t<div class=\"elementor-widget-wrap elementor-element-populated\">\n\t\t\t\t\t\t<div class=\"elementor-element elementor-element-51c5424 elementor-widget elementor-widget-template\" data-id=\"51c5424\" data-element_type=\"widget\" data-e-type=\"widget\" data-widget_type=\"template.default\">\n\t\t\t\t<div class=\"elementor-widget-container\">\n\t\t\t\t\t \t\t\t\t<\/div>\n\t\t\t\t<\/div>\n\t\t\t\t\t<\/div>\n\t\t<\/div>\n\t\t\t\t\t<\/div>\n\t\t<\/section>\n\t\t\t\t<\/div>","protected":false},"excerpt":{"rendered":"<p>BIOFILMTEST Cookies y aviso legal Betelgeux, S.L. tiene la obligaci\u00f3n por el Real Decreto-ley 13\/2012 que modifica la Ley 34\/2002, de 11 de julio, de servicios de la sociedad de la informaci\u00f3n y de comercio electr\u00f3nico, de informar y obtener el consentimiento del ciudadano acerca del uso de las cookies [&hellip;]<\/p>\n","protected":false},"author":4,"featured_media":0,"parent":0,"menu_order":0,"comment_status":"closed","ping_status":"closed","template":"elementor_canvas","meta":{"_uag_custom_page_level_css":"","_themeisle_gutenberg_block_has_review":false,"footnotes":""},"class_list":["post-6638","page","type-page","status-publish","hentry"],"yoast_head":"<!-- This site is optimized with the Yoast SEO plugin v27.3 - https:\/\/yoast.com\/product\/yoast-seo-wordpress\/ -->\n<title>BiofilmTEST &#8226; Pol\u00edtica de privacidad<\/title>\n<meta name=\"description\" content=\"Pol\u00edtica de privacidad y aviso legal de Biofilmtest\" \/>\n<meta name=\"robots\" content=\"index, follow, max-snippet:-1, max-image-preview:large, max-video-preview:-1\" \/>\n<link rel=\"canonical\" href=\"https:\/\/biofilmtest.com\/it\/informativa-sulla-privacy\/\" \/>\n<meta property=\"og:locale\" content=\"it_IT\" \/>\n<meta property=\"og:type\" content=\"article\" \/>\n<meta property=\"og:title\" content=\"BiofilmTEST &#8226; Pol\u00edtica de privacidad\" \/>\n<meta property=\"og:description\" content=\"Pol\u00edtica de privacidad y aviso legal de Biofilmtest\" \/>\n<meta property=\"og:url\" content=\"https:\/\/biofilmtest.com\/it\/informativa-sulla-privacy\/\" \/>\n<meta property=\"og:site_name\" content=\"BiofilmTEST\" \/>\n<meta property=\"article:publisher\" content=\"https:\/\/www.facebook.com\/Betelgeux.es\" \/>\n<meta property=\"article:modified_time\" content=\"2021-06-16T14:30:55+00:00\" \/>\n<meta name=\"twitter:card\" content=\"summary_large_image\" \/>\n<meta name=\"twitter:site\" content=\"@Betelgeux_es\" \/>\n<meta name=\"twitter:label1\" content=\"Tempo di lettura stimato\" \/>\n\t<meta name=\"twitter:data1\" content=\"4 minuti\" \/>\n<script type=\"application\/ld+json\" class=\"yoast-schema-graph\">{\"@context\":\"https:\\\/\\\/schema.org\",\"@graph\":[{\"@type\":\"WebPage\",\"@id\":\"https:\\\/\\\/biofilmtest.com\\\/it\\\/informativa-sulla-privacy\\\/\",\"url\":\"https:\\\/\\\/biofilmtest.com\\\/it\\\/informativa-sulla-privacy\\\/\",\"name\":\"BiofilmTEST &#8226; Pol\u00edtica de privacidad\",\"isPartOf\":{\"@id\":\"https:\\\/\\\/biofilmtest.com\\\/es_es\\\/#website\"},\"datePublished\":\"2020-08-19T10:27:43+00:00\",\"dateModified\":\"2021-06-16T14:30:55+00:00\",\"description\":\"Pol\u00edtica de privacidad y aviso legal de Biofilmtest\",\"breadcrumb\":{\"@id\":\"https:\\\/\\\/biofilmtest.com\\\/it\\\/informativa-sulla-privacy\\\/#breadcrumb\"},\"inLanguage\":\"it-IT\",\"potentialAction\":[{\"@type\":\"ReadAction\",\"target\":[\"https:\\\/\\\/biofilmtest.com\\\/it\\\/informativa-sulla-privacy\\\/\"]}]},{\"@type\":\"BreadcrumbList\",\"@id\":\"https:\\\/\\\/biofilmtest.com\\\/it\\\/informativa-sulla-privacy\\\/#breadcrumb\",\"itemListElement\":[{\"@type\":\"ListItem\",\"position\":1,\"name\":\"Inicio\",\"item\":\"https:\\\/\\\/biofilmtest.com\\\/es_es\\\/\"},{\"@type\":\"ListItem\",\"position\":2,\"name\":\"Pol\u00edtica de privacidad\"}]},{\"@type\":\"WebSite\",\"@id\":\"https:\\\/\\\/biofilmtest.com\\\/es_es\\\/#website\",\"url\":\"https:\\\/\\\/biofilmtest.com\\\/es_es\\\/\",\"name\":\"BiofilmTEST\",\"description\":\"Control, detecci\u00f3n y eliminaci\u00f3n de Biofilms\",\"publisher\":{\"@id\":\"https:\\\/\\\/biofilmtest.com\\\/es_es\\\/#organization\"},\"potentialAction\":[{\"@type\":\"SearchAction\",\"target\":{\"@type\":\"EntryPoint\",\"urlTemplate\":\"https:\\\/\\\/biofilmtest.com\\\/es_es\\\/?s={search_term_string}\"},\"query-input\":{\"@type\":\"PropertyValueSpecification\",\"valueRequired\":true,\"valueName\":\"search_term_string\"}}],\"inLanguage\":\"it-IT\"},{\"@type\":\"Organization\",\"@id\":\"https:\\\/\\\/biofilmtest.com\\\/es_es\\\/#organization\",\"name\":\"Betelgeux SL\",\"url\":\"https:\\\/\\\/biofilmtest.com\\\/es_es\\\/\",\"logo\":{\"@type\":\"ImageObject\",\"inLanguage\":\"it-IT\",\"@id\":\"https:\\\/\\\/biofilmtest.com\\\/es_es\\\/#\\\/schema\\\/logo\\\/image\\\/\",\"url\":\"https:\\\/\\\/biofilmtest.com\\\/wp-content\\\/uploads\\\/2020\\\/10\\\/BiofilmTEST.png\",\"contentUrl\":\"https:\\\/\\\/biofilmtest.com\\\/wp-content\\\/uploads\\\/2020\\\/10\\\/BiofilmTEST.png\",\"width\":479,\"height\":78,\"caption\":\"Betelgeux SL\"},\"image\":{\"@id\":\"https:\\\/\\\/biofilmtest.com\\\/es_es\\\/#\\\/schema\\\/logo\\\/image\\\/\"},\"sameAs\":[\"https:\\\/\\\/www.facebook.com\\\/Betelgeux.es\",\"https:\\\/\\\/x.com\\\/Betelgeux_es\",\"http:\\\/\\\/www.linkedin.com\\\/company\\\/2421431\",\"https:\\\/\\\/www.youtube.com\\\/user\\\/betelgeuxtv\"]}]}<\/script>\n<!-- \/ Yoast SEO plugin. -->","yoast_head_json":{"title":"BiofilmTEST &#8226; Pol\u00edtica de privacidad","description":"Pol\u00edtica de privacidad y aviso legal de Biofilmtest","robots":{"index":"index","follow":"follow","max-snippet":"max-snippet:-1","max-image-preview":"max-image-preview:large","max-video-preview":"max-video-preview:-1"},"canonical":"https:\/\/biofilmtest.com\/it\/informativa-sulla-privacy\/","og_locale":"it_IT","og_type":"article","og_title":"BiofilmTEST &#8226; Pol\u00edtica de privacidad","og_description":"Pol\u00edtica de privacidad y aviso legal de Biofilmtest","og_url":"https:\/\/biofilmtest.com\/it\/informativa-sulla-privacy\/","og_site_name":"BiofilmTEST","article_publisher":"https:\/\/www.facebook.com\/Betelgeux.es","article_modified_time":"2021-06-16T14:30:55+00:00","twitter_card":"summary_large_image","twitter_site":"@Betelgeux_es","twitter_misc":{"Tempo di lettura stimato":"4 minuti"},"schema":{"@context":"https:\/\/schema.org","@graph":[{"@type":"WebPage","@id":"https:\/\/biofilmtest.com\/it\/informativa-sulla-privacy\/","url":"https:\/\/biofilmtest.com\/it\/informativa-sulla-privacy\/","name":"BiofilmTEST &#8226; Pol\u00edtica de privacidad","isPartOf":{"@id":"https:\/\/biofilmtest.com\/es_es\/#website"},"datePublished":"2020-08-19T10:27:43+00:00","dateModified":"2021-06-16T14:30:55+00:00","description":"Pol\u00edtica de privacidad y aviso legal de Biofilmtest","breadcrumb":{"@id":"https:\/\/biofilmtest.com\/it\/informativa-sulla-privacy\/#breadcrumb"},"inLanguage":"it-IT","potentialAction":[{"@type":"ReadAction","target":["https:\/\/biofilmtest.com\/it\/informativa-sulla-privacy\/"]}]},{"@type":"BreadcrumbList","@id":"https:\/\/biofilmtest.com\/it\/informativa-sulla-privacy\/#breadcrumb","itemListElement":[{"@type":"ListItem","position":1,"name":"Inicio","item":"https:\/\/biofilmtest.com\/es_es\/"},{"@type":"ListItem","position":2,"name":"Pol\u00edtica de privacidad"}]},{"@type":"WebSite","@id":"https:\/\/biofilmtest.com\/es_es\/#website","url":"https:\/\/biofilmtest.com\/es_es\/","name":"BiofilmTEST","description":"Control, detecci\u00f3n y eliminaci\u00f3n de Biofilms","publisher":{"@id":"https:\/\/biofilmtest.com\/es_es\/#organization"},"potentialAction":[{"@type":"SearchAction","target":{"@type":"EntryPoint","urlTemplate":"https:\/\/biofilmtest.com\/es_es\/?s={search_term_string}"},"query-input":{"@type":"PropertyValueSpecification","valueRequired":true,"valueName":"search_term_string"}}],"inLanguage":"it-IT"},{"@type":"Organization","@id":"https:\/\/biofilmtest.com\/es_es\/#organization","name":"Betelgeux SL","url":"https:\/\/biofilmtest.com\/es_es\/","logo":{"@type":"ImageObject","inLanguage":"it-IT","@id":"https:\/\/biofilmtest.com\/es_es\/#\/schema\/logo\/image\/","url":"https:\/\/biofilmtest.com\/wp-content\/uploads\/2020\/10\/BiofilmTEST.png","contentUrl":"https:\/\/biofilmtest.com\/wp-content\/uploads\/2020\/10\/BiofilmTEST.png","width":479,"height":78,"caption":"Betelgeux SL"},"image":{"@id":"https:\/\/biofilmtest.com\/es_es\/#\/schema\/logo\/image\/"},"sameAs":["https:\/\/www.facebook.com\/Betelgeux.es","https:\/\/x.com\/Betelgeux_es","http:\/\/www.linkedin.com\/company\/2421431","https:\/\/www.youtube.com\/user\/betelgeuxtv"]}]}},"uagb_featured_image_src":{"full":false,"thumbnail":false,"medium":false,"medium_large":false,"large":false,"1536x1536":false,"2048x2048":false,"trp-custom-language-flag":false,"hestia-blog":false},"uagb_author_info":{"display_name":"usuario","author_link":"https:\/\/biofilmtest.com\/it\/author\/usuario\/"},"uagb_comment_info":0,"uagb_excerpt":"BIOFILMTEST Cookies y aviso legal Betelgeux, S.L. tiene la obligaci\u00f3n por el Real Decreto-ley 13\/2012 que modifica la Ley 34\/2002, de 11 de julio, de servicios de la sociedad de la informaci\u00f3n y de comercio electr\u00f3nico, de informar y obtener el consentimiento del ciudadano acerca del uso de las cookies [&hellip;]","_links":{"self":[{"href":"https:\/\/biofilmtest.com\/it\/wp-json\/wp\/v2\/pages\/6638","targetHints":{"allow":["GET"]}}],"collection":[{"href":"https:\/\/biofilmtest.com\/it\/wp-json\/wp\/v2\/pages"}],"about":[{"href":"https:\/\/biofilmtest.com\/it\/wp-json\/wp\/v2\/types\/page"}],"author":[{"embeddable":true,"href":"https:\/\/biofilmtest.com\/it\/wp-json\/wp\/v2\/users\/4"}],"replies":[{"embeddable":true,"href":"https:\/\/biofilmtest.com\/it\/wp-json\/wp\/v2\/comments?post=6638"}],"version-history":[{"count":3,"href":"https:\/\/biofilmtest.com\/it\/wp-json\/wp\/v2\/pages\/6638\/revisions"}],"predecessor-version":[{"id":8426,"href":"https:\/\/biofilmtest.com\/it\/wp-json\/wp\/v2\/pages\/6638\/revisions\/8426"}],"wp:attachment":[{"href":"https:\/\/biofilmtest.com\/it\/wp-json\/wp\/v2\/media?parent=6638"}],"curies":[{"name":"wp","href":"https:\/\/api.w.org\/{rel}","templated":true}]}}