{"id":8339,"date":"2021-06-08T16:55:43","date_gmt":"2021-06-08T14:55:43","guid":{"rendered":"https:\/\/biofilmtest.com\/?page_id=8339"},"modified":"2021-06-16T16:29:07","modified_gmt":"2021-06-16T14:29:07","slug":"gracias-por-descargar-catalogo","status":"publish","type":"page","link":"https:\/\/biofilmtest.com\/es_es\/gracias-por-descargar-catalogo\/","title":{"rendered":"Thank you page brochure"},"content":{"rendered":"\t\t<div data-elementor-type=\"wp-page\" data-elementor-id=\"8339\" class=\"elementor elementor-8339\">\n\t\t\t\t\t\t<section class=\"elementor-section elementor-top-section elementor-element elementor-element-5ee62f5 elementor-section-height-min-height elementor-section-items-stretch elementor-section-full_width elementor-section-height-default\" data-id=\"5ee62f5\" data-element_type=\"section\" data-e-type=\"section\" data-settings=\"{&quot;background_background&quot;:&quot;classic&quot;,&quot;shape_divider_bottom&quot;:&quot;waves&quot;}\">\n\t\t\t\t\t\t\t<div class=\"elementor-background-overlay\"><\/div>\n\t\t\t\t\t\t<div class=\"elementor-shape elementor-shape-bottom\" aria-hidden=\"true\" data-negative=\"false\">\n\t\t\t<svg xmlns=\"http:\/\/www.w3.org\/2000\/svg\" viewBox=\"0 0 1000 100\" preserveAspectRatio=\"none\">\n\t<path class=\"elementor-shape-fill\" d=\"M421.9,6.5c22.6-2.5,51.5,0.4,75.5,5.3c23.6,4.9,70.9,23.5,100.5,35.7c75.8,32.2,133.7,44.5,192.6,49.7\n\tc23.6,2.1,48.7,3.5,103.4-2.5c54.7-6,106.2-25.6,106.2-25.6V0H0v30.3c0,0,72,32.6,158.4,30.5c39.2-0.7,92.8-6.7,134-22.4\n\tc21.2-8.1,52.2-18.2,79.7-24.2C399.3,7.9,411.6,7.5,421.9,6.5z\"\/>\n<\/svg>\t\t<\/div>\n\t\t\t\t\t<div class=\"elementor-container elementor-column-gap-default\">\n\t\t\t\t\t<div class=\"elementor-column elementor-col-100 elementor-top-column elementor-element elementor-element-050a16a\" data-id=\"050a16a\" data-element_type=\"column\" data-e-type=\"column\">\n\t\t\t<div class=\"elementor-widget-wrap elementor-element-populated\">\n\t\t\t\t\t\t<div class=\"elementor-element elementor-element-f19a8e6 elementor-widget elementor-widget-template\" data-id=\"f19a8e6\" data-element_type=\"widget\" data-e-type=\"widget\" data-widget_type=\"template.default\">\n\t\t\t\t<div class=\"elementor-widget-container\">\n\t\t\t\t\t \t\t\t\t<\/div>\n\t\t\t\t<\/div>\n\t\t\t\t<div class=\"elementor-element elementor-element-3dcdb2a elementor-widget elementor-widget-heading\" data-id=\"3dcdb2a\" data-element_type=\"widget\" data-e-type=\"widget\" data-widget_type=\"heading.default\">\n\t\t\t\t<div class=\"elementor-widget-container\">\n\t\t\t\t\t<h1 class=\"elementor-heading-title elementor-size-default\"><b>\u00a1Enhorabuena!<br><\/h1>\t\t\t\t<\/div>\n\t\t\t\t<\/div>\n\t\t\t\t<div class=\"elementor-element elementor-element-fbaef7a elementor-widget elementor-widget-heading\" data-id=\"fbaef7a\" data-element_type=\"widget\" data-e-type=\"widget\" data-widget_type=\"heading.default\">\n\t\t\t\t<div class=\"elementor-widget-container\">\n\t\t\t\t\t<h1 class=\"elementor-heading-title elementor-size-default\">El cat\u00e1logo sobre Control de Biofilms <br>est\u00e1 camino de tu bandeja de entrada\n<\/h1>\t\t\t\t<\/div>\n\t\t\t\t<\/div>\n\t\t\t\t<div class=\"elementor-element elementor-element-7610fd8 elementor-widget elementor-widget-text-editor\" data-id=\"7610fd8\" data-element_type=\"widget\" data-e-type=\"widget\" data-widget_type=\"text-editor.default\">\n\t\t\t\t<div class=\"elementor-widget-container\">\n\t\t\t\t\t\t\t\t\t<p>En los pr\u00f3ximos minutos recibir\u00e1s un correo con el enlace de descarga directa al archivo.<\/p><p>Revista bien tu bandeja de entrada de correo. Algunas veces los emails llegan a spam o a la bandeja de promociones.<\/p><p>Si tienes dudas contacta con <span style=\"color: #ffffff;\"><a href=\"mailto:biofilmtest@biofilmtest.com\" style=\"color: #ffffff;\">biofilmtest@biofilmtest.com<\/a><\/span><span>\u00a0\u00a0\u00a0\u00a0\u00a0\u00a0 <\/span><\/p><p><span style=\"color: #ffffff;\"><\/span><\/p>\t\t\t\t\t\t\t\t<\/div>\n\t\t\t\t<\/div>\n\t\t\t\t\t<\/div>\n\t\t<\/div>\n\t\t\t\t\t<\/div>\n\t\t<\/section>\n\t\t\t\t<section class=\"elementor-section elementor-top-section elementor-element elementor-element-749cf18 elementor-section-full_width elementor-section-stretched elementor-section-height-default elementor-section-height-default\" data-id=\"749cf18\" data-element_type=\"section\" data-e-type=\"section\" data-settings=\"{&quot;stretch_section&quot;:&quot;section-stretched&quot;}\" data-no-translation=\"\">\n\t\t\t\t\t\t<div class=\"elementor-container elementor-column-gap-default\">\n\t\t\t\t\t<div class=\"elementor-column elementor-col-33 elementor-top-column elementor-element elementor-element-e7e6fcb\" data-id=\"e7e6fcb\" data-element_type=\"column\" data-e-type=\"column\">\n\t\t\t<div class=\"elementor-widget-wrap\">\n\t\t\t\t\t\t\t<\/div>\n\t\t<\/div>\n\t\t\t\t<div class=\"elementor-column elementor-col-33 elementor-top-column elementor-element elementor-element-67499d4\" data-id=\"67499d4\" data-element_type=\"column\" data-e-type=\"column\">\n\t\t\t<div class=\"elementor-widget-wrap elementor-element-populated\">\n\t\t\t\t\t\t<div class=\"elementor-element elementor-element-85202cc elementor-widget elementor-widget-text-editor\" data-id=\"85202cc\" data-element_type=\"widget\" data-e-type=\"widget\" data-widget_type=\"text-editor.default\">\n\t\t\t\t<div class=\"elementor-widget-container\">\n\t\t\t\t\t\t\t\t\t<p><strong>Nuestro conocimiento a tu alcance<\/strong><strong><\/strong><\/p>\t\t\t\t\t\t\t\t<\/div>\n\t\t\t\t<\/div>\n\t\t\t\t<div class=\"elementor-element elementor-element-50af3ea elementor-widget elementor-widget-text-editor\" data-id=\"50af3ea\" data-element_type=\"widget\" data-e-type=\"widget\" data-widget_type=\"text-editor.default\">\n\t\t\t\t<div class=\"elementor-widget-container\">\n\t\t\t\t\t\t\t\t\t<p>\u00bfQuieres saber m\u00e1s sobre higiene y seguridad alimentaria?<\/p><p><strong><span style=\"color: #004a99;\"><a href=\"https:\/\/www.betelgeux.es\/blog\/\" style=\"color: #004a99;\">Visita nuestro blog t\u00e9cnico<\/a><\/span><\/strong> en el que hablamos sobre procesos de limpieza y desinfecci\u00f3n en industrias alimentarias, innovaci\u00f3n, control y eliminaci\u00f3n de pat\u00f3genos, legislaci\u00f3n\u2026<strong><\/strong><\/p>\t\t\t\t\t\t\t\t<\/div>\n\t\t\t\t<\/div>\n\t\t\t\t<div class=\"elementor-element elementor-element-10cf7b8 elementor-widget elementor-widget-text-editor\" data-id=\"10cf7b8\" data-element_type=\"widget\" data-e-type=\"widget\" data-widget_type=\"text-editor.default\">\n\t\t\t\t<div class=\"elementor-widget-container\">\n\t\t\t\t\t\t\t\t\t<p><strong>M\u00e1s de 60.000 visitas mensuales<\/strong><\/p>\t\t\t\t\t\t\t\t<\/div>\n\t\t\t\t<\/div>\n\t\t\t\t\t<\/div>\n\t\t<\/div>\n\t\t\t\t<div class=\"elementor-column elementor-col-33 elementor-top-column elementor-element elementor-element-4d7a6e8\" data-id=\"4d7a6e8\" data-element_type=\"column\" data-e-type=\"column\">\n\t\t\t<div class=\"elementor-widget-wrap\">\n\t\t\t\t\t\t\t<\/div>\n\t\t<\/div>\n\t\t\t\t\t<\/div>\n\t\t<\/section>\n\t\t\t\t<section class=\"elementor-section elementor-top-section elementor-element elementor-element-b870ec3 elementor-section-full_width elementor-section-stretched elementor-section-height-default elementor-section-height-default\" data-id=\"b870ec3\" data-element_type=\"section\" data-e-type=\"section\" data-settings=\"{&quot;stretch_section&quot;:&quot;section-stretched&quot;}\" data-no-translation=\"\">\n\t\t\t\t\t\t<div class=\"elementor-container elementor-column-gap-default\">\n\t\t\t\t\t<div class=\"elementor-column elementor-col-33 elementor-top-column elementor-element elementor-element-c042880\" data-id=\"c042880\" data-element_type=\"column\" data-e-type=\"column\">\n\t\t\t<div class=\"elementor-widget-wrap\">\n\t\t\t\t\t\t\t<\/div>\n\t\t<\/div>\n\t\t\t\t<div class=\"elementor-column elementor-col-33 elementor-top-column elementor-element elementor-element-9f60e09\" data-id=\"9f60e09\" data-element_type=\"column\" data-e-type=\"column\">\n\t\t\t<div class=\"elementor-widget-wrap elementor-element-populated\">\n\t\t\t\t\t\t<div class=\"elementor-element elementor-element-6c10b2c elementor-shape-circle elementor-grid-4 e-grid-align-center elementor-widget elementor-widget-social-icons\" data-id=\"6c10b2c\" data-element_type=\"widget\" data-e-type=\"widget\" data-widget_type=\"social-icons.default\">\n\t\t\t\t<div class=\"elementor-widget-container\">\n\t\t\t\t\t\t\t<div class=\"elementor-social-icons-wrapper elementor-grid\" role=\"list\">\n\t\t\t\t\t\t\t<span class=\"elementor-grid-item\" role=\"listitem\">\n\t\t\t\t\t<a class=\"elementor-icon elementor-social-icon elementor-social-icon-linkedin elementor-repeater-item-89fc1fe\" href=\"https:\/\/www.linkedin.com\/company\/betelgeuxchristeyns\" target=\"_blank\">\n\t\t\t\t\t\t<span class=\"elementor-screen-only\">Linkedin<\/span>\n\t\t\t\t\t\t<i aria-hidden=\"true\" class=\"fab fa-linkedin\"><\/i>\t\t\t\t\t<\/a>\n\t\t\t\t<\/span>\n\t\t\t\t\t\t\t<span class=\"elementor-grid-item\" role=\"listitem\">\n\t\t\t\t\t<a class=\"elementor-icon elementor-social-icon elementor-social-icon-twitter elementor-repeater-item-1809c63\" href=\"https:\/\/twitter.com\/Betelgeux_es\" target=\"_blank\">\n\t\t\t\t\t\t<span class=\"elementor-screen-only\">Twitter<\/span>\n\t\t\t\t\t\t<i aria-hidden=\"true\" class=\"fab fa-twitter\"><\/i>\t\t\t\t\t<\/a>\n\t\t\t\t<\/span>\n\t\t\t\t\t\t\t<span class=\"elementor-grid-item\" role=\"listitem\">\n\t\t\t\t\t<a class=\"elementor-icon elementor-social-icon elementor-social-icon-youtube elementor-repeater-item-4e99b45\" href=\"https:\/\/www.youtube.com\/user\/betelgeuxtv\" target=\"_blank\">\n\t\t\t\t\t\t<span class=\"elementor-screen-only\">Youtube<\/span>\n\t\t\t\t\t\t<i aria-hidden=\"true\" class=\"fab fa-youtube\"><\/i>\t\t\t\t\t<\/a>\n\t\t\t\t<\/span>\n\t\t\t\t\t\t\t<span class=\"elementor-grid-item\" role=\"listitem\">\n\t\t\t\t\t<a class=\"elementor-icon elementor-social-icon elementor-social-icon-facebook elementor-repeater-item-f8d4461\" href=\"https:\/\/www.facebook.com\/Betelgeux.es\" target=\"_blank\">\n\t\t\t\t\t\t<span class=\"elementor-screen-only\">Facebook<\/span>\n\t\t\t\t\t\t<i aria-hidden=\"true\" class=\"fab fa-facebook\"><\/i>\t\t\t\t\t<\/a>\n\t\t\t\t<\/span>\n\t\t\t\t\t<\/div>\n\t\t\t\t\t\t<\/div>\n\t\t\t\t<\/div>\n\t\t\t\t\t<\/div>\n\t\t<\/div>\n\t\t\t\t<div class=\"elementor-column elementor-col-33 elementor-top-column elementor-element elementor-element-a792845\" data-id=\"a792845\" data-element_type=\"column\" data-e-type=\"column\">\n\t\t\t<div class=\"elementor-widget-wrap\">\n\t\t\t\t\t\t\t<\/div>\n\t\t<\/div>\n\t\t\t\t\t<\/div>\n\t\t<\/section>\n\t\t\t\t<section class=\"elementor-section elementor-top-section elementor-element elementor-element-ccb7265 elementor-section-stretched elementor-section-full_width elementor-section-height-default elementor-section-height-default\" data-id=\"ccb7265\" data-element_type=\"section\" data-e-type=\"section\" data-settings=\"{&quot;stretch_section&quot;:&quot;section-stretched&quot;}\">\n\t\t\t\t\t\t<div class=\"elementor-container elementor-column-gap-default\">\n\t\t\t\t\t<div class=\"elementor-column elementor-col-100 elementor-top-column elementor-element elementor-element-fef14e9\" data-id=\"fef14e9\" data-element_type=\"column\" data-e-type=\"column\">\n\t\t\t<div class=\"elementor-widget-wrap elementor-element-populated\">\n\t\t\t\t\t\t<div class=\"elementor-element elementor-element-5eaecee elementor-widget elementor-widget-template\" data-id=\"5eaecee\" data-element_type=\"widget\" data-e-type=\"widget\" data-widget_type=\"template.default\">\n\t\t\t\t<div class=\"elementor-widget-container\">\n\t\t\t\t\t \t\t\t\t<\/div>\n\t\t\t\t<\/div>\n\t\t\t\t\t<\/div>\n\t\t<\/div>\n\t\t\t\t\t<\/div>\n\t\t<\/section>\n\t\t\t\t<\/div>\n\t\t","protected":false},"excerpt":{"rendered":"<p>\u00a1Enhorabuena! El cat\u00e1logo sobre Control de Biofilms est\u00e1 camino de tu bandeja de entrada En los pr\u00f3ximos minutos recibir\u00e1s un correo con el enlace de descarga directa al archivo. Revista bien tu bandeja de entrada de correo. Algunas veces los emails llegan a spam o a la bandeja de promociones. [&hellip;]<\/p>\n","protected":false},"author":2,"featured_media":0,"parent":0,"menu_order":0,"comment_status":"closed","ping_status":"closed","template":"elementor_canvas","meta":{"_uag_custom_page_level_css":"","_themeisle_gutenberg_block_has_review":false,"footnotes":""},"class_list":["post-8339","page","type-page","status-publish","hentry"],"yoast_head":"<!-- This site is optimized with the Yoast SEO plugin v27.3 - https:\/\/yoast.com\/product\/yoast-seo-wordpress\/ -->\n<title>Thank you page brochure &#8226; BiofilmTEST<\/title>\n<meta name=\"robots\" content=\"index, follow, max-snippet:-1, max-image-preview:large, max-video-preview:-1\" \/>\n<link rel=\"canonical\" href=\"https:\/\/biofilmtest.com\/es_es\/gracias-por-descargar-catalogo\/\" \/>\n<meta property=\"og:locale\" content=\"es_ES\" \/>\n<meta property=\"og:type\" content=\"article\" \/>\n<meta property=\"og:title\" content=\"Thank you page brochure &#8226; BiofilmTEST\" \/>\n<meta property=\"og:description\" content=\"\u00a1Enhorabuena! El cat\u00e1logo sobre Control de Biofilms est\u00e1 camino de tu bandeja de entrada En los pr\u00f3ximos minutos recibir\u00e1s un correo con el enlace de descarga directa al archivo. Revista bien tu bandeja de entrada de correo. Algunas veces los emails llegan a spam o a la bandeja de promociones. [&hellip;]\" \/>\n<meta property=\"og:url\" content=\"https:\/\/biofilmtest.com\/es_es\/gracias-por-descargar-catalogo\/\" \/>\n<meta property=\"og:site_name\" content=\"BiofilmTEST\" \/>\n<meta property=\"article:publisher\" content=\"https:\/\/www.facebook.com\/Betelgeux.es\" \/>\n<meta property=\"article:modified_time\" content=\"2021-06-16T14:29:07+00:00\" \/>\n<meta name=\"twitter:card\" content=\"summary_large_image\" \/>\n<meta name=\"twitter:site\" content=\"@Betelgeux_es\" \/>\n<meta name=\"twitter:label1\" content=\"Tiempo de lectura\" \/>\n\t<meta name=\"twitter:data1\" content=\"1 minuto\" \/>\n<script type=\"application\/ld+json\" class=\"yoast-schema-graph\">{\"@context\":\"https:\\\/\\\/schema.org\",\"@graph\":[{\"@type\":\"WebPage\",\"@id\":\"https:\\\/\\\/biofilmtest.com\\\/es_es\\\/gracias-por-descargar-catalogo\\\/\",\"url\":\"https:\\\/\\\/biofilmtest.com\\\/es_es\\\/gracias-por-descargar-catalogo\\\/\",\"name\":\"Thank you page brochure &#8226; BiofilmTEST\",\"isPartOf\":{\"@id\":\"https:\\\/\\\/biofilmtest.com\\\/es_es\\\/#website\"},\"datePublished\":\"2021-06-08T14:55:43+00:00\",\"dateModified\":\"2021-06-16T14:29:07+00:00\",\"breadcrumb\":{\"@id\":\"https:\\\/\\\/biofilmtest.com\\\/es_es\\\/gracias-por-descargar-catalogo\\\/#breadcrumb\"},\"inLanguage\":\"es\",\"potentialAction\":[{\"@type\":\"ReadAction\",\"target\":[\"https:\\\/\\\/biofilmtest.com\\\/es_es\\\/gracias-por-descargar-catalogo\\\/\"]}]},{\"@type\":\"BreadcrumbList\",\"@id\":\"https:\\\/\\\/biofilmtest.com\\\/es_es\\\/gracias-por-descargar-catalogo\\\/#breadcrumb\",\"itemListElement\":[{\"@type\":\"ListItem\",\"position\":1,\"name\":\"Inicio\",\"item\":\"https:\\\/\\\/biofilmtest.com\\\/es_es\\\/\"},{\"@type\":\"ListItem\",\"position\":2,\"name\":\"Thank you page brochure\"}]},{\"@type\":\"WebSite\",\"@id\":\"https:\\\/\\\/biofilmtest.com\\\/es_es\\\/#website\",\"url\":\"https:\\\/\\\/biofilmtest.com\\\/es_es\\\/\",\"name\":\"BiofilmTEST\",\"description\":\"Control, detecci\u00f3n y eliminaci\u00f3n de Biofilms\",\"publisher\":{\"@id\":\"https:\\\/\\\/biofilmtest.com\\\/es_es\\\/#organization\"},\"potentialAction\":[{\"@type\":\"SearchAction\",\"target\":{\"@type\":\"EntryPoint\",\"urlTemplate\":\"https:\\\/\\\/biofilmtest.com\\\/es_es\\\/?s={search_term_string}\"},\"query-input\":{\"@type\":\"PropertyValueSpecification\",\"valueRequired\":true,\"valueName\":\"search_term_string\"}}],\"inLanguage\":\"es\"},{\"@type\":\"Organization\",\"@id\":\"https:\\\/\\\/biofilmtest.com\\\/es_es\\\/#organization\",\"name\":\"Betelgeux SL\",\"url\":\"https:\\\/\\\/biofilmtest.com\\\/es_es\\\/\",\"logo\":{\"@type\":\"ImageObject\",\"inLanguage\":\"es\",\"@id\":\"https:\\\/\\\/biofilmtest.com\\\/es_es\\\/#\\\/schema\\\/logo\\\/image\\\/\",\"url\":\"https:\\\/\\\/biofilmtest.com\\\/wp-content\\\/uploads\\\/2020\\\/10\\\/BiofilmTEST.png\",\"contentUrl\":\"https:\\\/\\\/biofilmtest.com\\\/wp-content\\\/uploads\\\/2020\\\/10\\\/BiofilmTEST.png\",\"width\":479,\"height\":78,\"caption\":\"Betelgeux SL\"},\"image\":{\"@id\":\"https:\\\/\\\/biofilmtest.com\\\/es_es\\\/#\\\/schema\\\/logo\\\/image\\\/\"},\"sameAs\":[\"https:\\\/\\\/www.facebook.com\\\/Betelgeux.es\",\"https:\\\/\\\/x.com\\\/Betelgeux_es\",\"http:\\\/\\\/www.linkedin.com\\\/company\\\/2421431\",\"https:\\\/\\\/www.youtube.com\\\/user\\\/betelgeuxtv\"]}]}<\/script>\n<!-- \/ Yoast SEO plugin. -->","yoast_head_json":{"title":"Thank you page brochure &#8226; BiofilmTEST","robots":{"index":"index","follow":"follow","max-snippet":"max-snippet:-1","max-image-preview":"max-image-preview:large","max-video-preview":"max-video-preview:-1"},"canonical":"https:\/\/biofilmtest.com\/es_es\/gracias-por-descargar-catalogo\/","og_locale":"es_ES","og_type":"article","og_title":"Thank you page brochure &#8226; BiofilmTEST","og_description":"\u00a1Enhorabuena! El cat\u00e1logo sobre Control de Biofilms est\u00e1 camino de tu bandeja de entrada En los pr\u00f3ximos minutos recibir\u00e1s un correo con el enlace de descarga directa al archivo. Revista bien tu bandeja de entrada de correo. Algunas veces los emails llegan a spam o a la bandeja de promociones. [&hellip;]","og_url":"https:\/\/biofilmtest.com\/es_es\/gracias-por-descargar-catalogo\/","og_site_name":"BiofilmTEST","article_publisher":"https:\/\/www.facebook.com\/Betelgeux.es","article_modified_time":"2021-06-16T14:29:07+00:00","twitter_card":"summary_large_image","twitter_site":"@Betelgeux_es","twitter_misc":{"Tiempo de lectura":"1 minuto"},"schema":{"@context":"https:\/\/schema.org","@graph":[{"@type":"WebPage","@id":"https:\/\/biofilmtest.com\/es_es\/gracias-por-descargar-catalogo\/","url":"https:\/\/biofilmtest.com\/es_es\/gracias-por-descargar-catalogo\/","name":"Thank you page brochure &#8226; BiofilmTEST","isPartOf":{"@id":"https:\/\/biofilmtest.com\/es_es\/#website"},"datePublished":"2021-06-08T14:55:43+00:00","dateModified":"2021-06-16T14:29:07+00:00","breadcrumb":{"@id":"https:\/\/biofilmtest.com\/es_es\/gracias-por-descargar-catalogo\/#breadcrumb"},"inLanguage":"es","potentialAction":[{"@type":"ReadAction","target":["https:\/\/biofilmtest.com\/es_es\/gracias-por-descargar-catalogo\/"]}]},{"@type":"BreadcrumbList","@id":"https:\/\/biofilmtest.com\/es_es\/gracias-por-descargar-catalogo\/#breadcrumb","itemListElement":[{"@type":"ListItem","position":1,"name":"Inicio","item":"https:\/\/biofilmtest.com\/es_es\/"},{"@type":"ListItem","position":2,"name":"Thank you page brochure"}]},{"@type":"WebSite","@id":"https:\/\/biofilmtest.com\/es_es\/#website","url":"https:\/\/biofilmtest.com\/es_es\/","name":"BiofilmTEST","description":"Control, detecci\u00f3n y eliminaci\u00f3n de Biofilms","publisher":{"@id":"https:\/\/biofilmtest.com\/es_es\/#organization"},"potentialAction":[{"@type":"SearchAction","target":{"@type":"EntryPoint","urlTemplate":"https:\/\/biofilmtest.com\/es_es\/?s={search_term_string}"},"query-input":{"@type":"PropertyValueSpecification","valueRequired":true,"valueName":"search_term_string"}}],"inLanguage":"es"},{"@type":"Organization","@id":"https:\/\/biofilmtest.com\/es_es\/#organization","name":"Betelgeux SL","url":"https:\/\/biofilmtest.com\/es_es\/","logo":{"@type":"ImageObject","inLanguage":"es","@id":"https:\/\/biofilmtest.com\/es_es\/#\/schema\/logo\/image\/","url":"https:\/\/biofilmtest.com\/wp-content\/uploads\/2020\/10\/BiofilmTEST.png","contentUrl":"https:\/\/biofilmtest.com\/wp-content\/uploads\/2020\/10\/BiofilmTEST.png","width":479,"height":78,"caption":"Betelgeux SL"},"image":{"@id":"https:\/\/biofilmtest.com\/es_es\/#\/schema\/logo\/image\/"},"sameAs":["https:\/\/www.facebook.com\/Betelgeux.es","https:\/\/x.com\/Betelgeux_es","http:\/\/www.linkedin.com\/company\/2421431","https:\/\/www.youtube.com\/user\/betelgeuxtv"]}]}},"uagb_featured_image_src":{"full":false,"thumbnail":false,"medium":false,"medium_large":false,"large":false,"1536x1536":false,"2048x2048":false,"trp-custom-language-flag":false,"hestia-blog":false},"uagb_author_info":{"display_name":"Paula Miralles","author_link":"https:\/\/biofilmtest.com\/es_es\/author\/paula\/"},"uagb_comment_info":0,"uagb_excerpt":"\u00a1Enhorabuena! El cat\u00e1logo sobre Control de Biofilms est\u00e1 camino de tu bandeja de entrada En los pr\u00f3ximos minutos recibir\u00e1s un correo con el enlace de descarga directa al archivo. Revista bien tu bandeja de entrada de correo. Algunas veces los emails llegan a spam o a la bandeja de promociones. [&hellip;]","_links":{"self":[{"href":"https:\/\/biofilmtest.com\/es_es\/wp-json\/wp\/v2\/pages\/8339","targetHints":{"allow":["GET"]}}],"collection":[{"href":"https:\/\/biofilmtest.com\/es_es\/wp-json\/wp\/v2\/pages"}],"about":[{"href":"https:\/\/biofilmtest.com\/es_es\/wp-json\/wp\/v2\/types\/page"}],"author":[{"embeddable":true,"href":"https:\/\/biofilmtest.com\/es_es\/wp-json\/wp\/v2\/users\/2"}],"replies":[{"embeddable":true,"href":"https:\/\/biofilmtest.com\/es_es\/wp-json\/wp\/v2\/comments?post=8339"}],"version-history":[{"count":4,"href":"https:\/\/biofilmtest.com\/es_es\/wp-json\/wp\/v2\/pages\/8339\/revisions"}],"predecessor-version":[{"id":8424,"href":"https:\/\/biofilmtest.com\/es_es\/wp-json\/wp\/v2\/pages\/8339\/revisions\/8424"}],"wp:attachment":[{"href":"https:\/\/biofilmtest.com\/es_es\/wp-json\/wp\/v2\/media?parent=8339"}],"curies":[{"name":"wp","href":"https:\/\/api.w.org\/{rel}","templated":true}]}}