{"id":6638,"date":"2020-08-19T12:27:43","date_gmt":"2020-08-19T10:27:43","guid":{"rendered":"https:\/\/biofilmtest.com\/?page_id=6638"},"modified":"2021-06-16T16:30:55","modified_gmt":"2021-06-16T14:30:55","slug":"politica-de-privacidad","status":"publish","type":"page","link":"https:\/\/biofilmtest.com\/es_es\/politica-de-privacidad\/","title":{"rendered":"Pol\u00edtica de privacidad"},"content":{"rendered":"\t\t<div data-elementor-type=\"wp-page\" data-elementor-id=\"6638\" class=\"elementor elementor-6638\">\n\t\t\t\t\t\t<section class=\"elementor-section elementor-top-section elementor-element elementor-element-0783dc3 elementor-section-full_width elementor-section-height-default elementor-section-height-default\" data-id=\"0783dc3\" data-element_type=\"section\" data-e-type=\"section\">\n\t\t\t\t\t\t<div class=\"elementor-container elementor-column-gap-default\">\n\t\t\t\t\t<div class=\"elementor-column elementor-col-100 elementor-top-column elementor-element elementor-element-6c85033\" data-id=\"6c85033\" data-element_type=\"column\" data-e-type=\"column\">\n\t\t\t<div class=\"elementor-widget-wrap elementor-element-populated\">\n\t\t\t\t\t\t<div class=\"elementor-element elementor-element-a205ad9 elementor-widget elementor-widget-template\" data-id=\"a205ad9\" data-element_type=\"widget\" data-e-type=\"widget\" data-widget_type=\"template.default\">\n\t\t\t\t<div class=\"elementor-widget-container\">\n\t\t\t\t\t \t\t\t\t<\/div>\n\t\t\t\t<\/div>\n\t\t\t\t\t<\/div>\n\t\t<\/div>\n\t\t\t\t\t<\/div>\n\t\t<\/section>\n\t\t\t\t<section class=\"elementor-section elementor-top-section elementor-element elementor-element-d7350d1 elementor-section-stretched elementor-section-content-middle elementor-section-boxed elementor-section-height-default elementor-section-height-default\" data-id=\"d7350d1\" data-element_type=\"section\" data-e-type=\"section\" data-settings=\"{&quot;stretch_section&quot;:&quot;section-stretched&quot;,&quot;background_background&quot;:&quot;classic&quot;}\">\n\t\t\t\t\t\t<div class=\"elementor-container elementor-column-gap-default\">\n\t\t\t\t\t<div class=\"elementor-column elementor-col-50 elementor-top-column elementor-element elementor-element-e8bc02e\" data-id=\"e8bc02e\" data-element_type=\"column\" data-e-type=\"column\">\n\t\t\t<div class=\"elementor-widget-wrap elementor-element-populated\">\n\t\t\t\t\t\t<div class=\"elementor-element elementor-element-32ccde1 premium-header-block premium-lq__none premium-box-lq__none elementor-widget elementor-widget-premium-addon-dual-header\" data-id=\"32ccde1\" data-element_type=\"widget\" data-e-type=\"widget\" data-settings=\"{&quot;_animation_tablet&quot;:&quot;none&quot;,&quot;_animation_mobile&quot;:&quot;none&quot;}\" data-widget_type=\"premium-addon-dual-header.default\">\n\t\t\t\t\t\n\t\t<div class=\"elementor-widget-container\">\n\t\t\t\t\t<h1 class=\"premium-dual-header-first-header  gradient\"><span class=\"premium-dual-header-first-span\">BIOFILMTEST <\/span><span class=\"premium-dual-header-second-header \">Cookies y aviso legal<\/span><\/h1> \t\t\t\t<\/div>\n\n\t\t\t\t\t\t<\/div>\n\t\t\t\t<div class=\"elementor-element elementor-element-c4130c3 elementor-widget-divider--separator-type-pattern elementor-widget-divider--view-line elementor-widget elementor-widget-divider\" data-id=\"c4130c3\" data-element_type=\"widget\" data-e-type=\"widget\" data-settings=\"{&quot;_animation_tablet&quot;:&quot;none&quot;,&quot;_animation_mobile&quot;:&quot;none&quot;}\" data-widget_type=\"divider.default\">\n\t\t\t\t<div class=\"elementor-widget-container\">\n\t\t\t\t\t\t\t<div class=\"elementor-divider\" style=\"--divider-pattern-url: url(&quot;data:image\/svg+xml,%3Csvg xmlns=&#039;http:\/\/www.w3.org\/2000\/svg&#039; preserveAspectRatio=&#039;none&#039; overflow=&#039;visible&#039; height=&#039;100%&#039; viewBox=&#039;0 0 20 16&#039; fill=&#039;none&#039; stroke=&#039;black&#039; stroke-width=&#039;1.2&#039; stroke-linecap=&#039;square&#039; stroke-miterlimit=&#039;10&#039;%3E%3Cg transform=&#039;translate(-12.000000, 0)&#039;%3E%3Cpath d=&#039;M28,0L10,18&#039;\/%3E%3Cpath d=&#039;M18,0L0,18&#039;\/%3E%3Cpath d=&#039;M48,0L30,18&#039;\/%3E%3Cpath d=&#039;M38,0L20,18&#039;\/%3E%3C\/g%3E%3C\/svg%3E&quot;);\">\n\t\t\t<span class=\"elementor-divider-separator\">\n\t\t\t\t\t\t<\/span>\n\t\t<\/div>\n\t\t\t\t\t\t<\/div>\n\t\t\t\t<\/div>\n\t\t\t\t<div class=\"elementor-element elementor-element-6b8be53 elementor-widget elementor-widget-text-editor\" data-id=\"6b8be53\" data-element_type=\"widget\" data-e-type=\"widget\" data-settings=\"{&quot;_animation_tablet&quot;:&quot;none&quot;,&quot;_animation_mobile&quot;:&quot;none&quot;}\" data-widget_type=\"text-editor.default\">\n\t\t\t\t<div class=\"elementor-widget-container\">\n\t\t\t\t\t\t\t\t\t<div><span style=\"letter-spacing: 0.6px; background-color: rgba(247, 247, 247, 0);\">Betelgeux, S.L. tiene la obligaci\u00f3n por el Real Decreto-ley 13\/2012 que modifica la Ley 34\/2002, de 11 de julio, de servicios de la sociedad de la informaci\u00f3n y de comercio electr\u00f3nico, de informar y obtener el consentimiento del ciudadano acerca del uso de las cookies en sus p\u00e1ginas web.<\/span><br><span style=\"letter-spacing: 0.6px; background-color: rgba(247, 247, 247, 0);\"><br><\/span><\/div>\n<div>\n<div>Las cookies son archivos que se pueden descargar en su equipo a trav\u00e9s de las p\u00e1ginas web. Son herramientas que tienen un papel esencial para la prestaci\u00f3n de numerosos servicios de la sociedad de la informaci\u00f3n.<\/div>\n<div><\/div>\n<div>Entre otros, permiten a una p\u00e1gina web almacenar y recuperar informaci\u00f3n sobre los h\u00e1bitos de navegaci\u00f3n de un usuario o de su equipo y, dependiendo de la informaci\u00f3n obtenida, se pueden utilizar para reconocer al usuario y mejorar el servicio ofrecido.<\/div>\n<div>&nbsp;<\/div>\n<div>Seg\u00fan quien sea la entidad que gestione el dominio desde donde se env\u00edan las cookies y trate los datos que se obtengan se pueden distinguir dos tipos: cookies propias y cookies de terceros.<\/div>\n<div><\/div>\n<div><\/div>\n<div>Existe tambi\u00e9n una segunda clasificaci\u00f3n seg\u00fan el plazo de tiempo que permanecen almacenadas en el navegador del cliente, pudiendo tratarse de cookies de sesi\u00f3n o cookies persistentes.<\/div>\n<div><\/div>\n<\/div>\n<h2><strong>Cookies utilizadas en la web<\/strong><\/h2>\n<div>A continuaci\u00f3n se identifican las cookies que est\u00e1n siendo utilizadas en este portal as\u00ed como su tipolog\u00eda y funci\u00f3n:<\/div>\n<div>&nbsp;<\/div>\n<div>\n<p>La p\u00e1gina web utiliza Google Analytics , un servicio de anal\u00edtica web desarrollada por Google, que permite la medici\u00f3n y an\u00e1lisis de la navegaci\u00f3n en las p\u00e1ginas web. En su navegador podr\u00e1 observar 4 cookies de este servicio. Seg\u00fan la tipolog\u00eda anterior se trata de cookies propias, de sesi\u00f3n y de an\u00e1lisis. Puede encontrar m\u00e1s informaci\u00f3n al respecto e inhabilitar el uso de estas cookies www.google.es\/intl\/es\/analytics\/privacyoverview.html&nbsp;<\/p>\n<\/div>\n<div>A trav\u00e9s de la anal\u00edtica web no se obtiene informaci\u00f3n sobre sus datos personales garantizando la tutela de la privacidad de las personas que navegan por la web. La informaci\u00f3n que se obtiene es la relativa al n\u00famero de usuarios que acceden a la web, el n\u00famero de p\u00e1ginas vistas, la frecuencia y repetici\u00f3n de las visitas, su duraci\u00f3n, el navegador utilizado, el operador que presta el servicio, el idioma, el terminal que utiliza, o la ciudad a la que est\u00e1 asignada su direcci\u00f3n IP. Informaci\u00f3n que posibilita un mejor y m\u00e1s apropiado servicio por parte de este portal.<\/div>\n<div>&nbsp;<\/div>\n<div>\n<div>Otra de las cookies que se descargan de tipo t\u00e9cnico son:<\/div>\n<div>PHPSESSID necesaria para la correcta navegaci\u00f3n por las p\u00e1ginas web.<\/div>\n<div>Language -&gt; Para el control del lenguaje seleccionado.<\/div>\n<div><\/div>\n<\/div>\n<div><\/div>\n<div>\n<div>Por \u00faltimo, se descarga una cookie de tipo t\u00e9cnico denominada cookies_policy , propia, de tipo t\u00e9cnico y de sesi\u00f3n. Gestiona el consentimiento del usuario ante el uso de las cookies en la p\u00e1gina web, con el objeto de evitar la excesiva molestia que pueda suponer mostrar repetidamente informaci\u00f3n sobre la pol\u00edtica de cookies en la parte superior de la web a aquellas personas que hayan aceptado la misma.<\/div>\n<\/div>\n<div>\n<h2><strong>Aceptaci\u00f3n de la Pol\u00edtica de cookies<\/strong><\/h2>\n<div>Betelgeux, S.L., con el objeto de dar cumplimiento a la citada normativa, muestra informaci\u00f3n sobre su Pol\u00edtica de cookies en la parte superior de cualquier p\u00e1gina del portal con cada inicio de sesi\u00f3n.<\/div>\n<div><\/div>\n<\/div>\n<div><p>Ante esta informaci\u00f3n es posible llevar a cabo las siguientes acciones:<\/p>\n<\/div>\n<ul>\n<li>Continuar navegando. No se volver\u00e1 a visualizar este aviso al acceder a cualquier p\u00e1gina del portal durante la presente sesi\u00f3n quedando aceptada la pol\u00edtica de cookies.<\/li>\n<li>Restringir las cookies o abandonar la p\u00e1gina. Usted puede restringir, bloquear o borrar las cookies de Betelgeux, S.L. o cualquier otra p\u00e1gina web, utilizando su navegador. En cada navegador la operativa diferente, la funci\u00f3n de &#8216;Ayuda&#8217; le mostrar\u00e1 c\u00f3mo hacerlo, si lo desea puede consultar la operativa desde los links siguientes:<\/li>\n<\/ul>\n<div>&#8211; Internet Explorer: windows.microsoft.com\/es-xl\/internet-explorer\/delete-manage-cookies#ie=ie-10<\/div>\n<div>&#8211; FireFox: support.mozilla.org\/es\/kb\/Borrar%20cookies<\/div>\n<div>&#8211; Chrome: support.google.com\/chrome\/answer\/95647?hl=es<\/div>\n<div><p>&#8211; Safari: www.apple.com\/es\/privacy\/use-of-cookies\/<\/p><\/div>\t\t\t\t\t\t\t\t<\/div>\n\t\t\t\t<\/div>\n\t\t\t\t\t<\/div>\n\t\t<\/div>\n\t\t\t\t<div class=\"elementor-column elementor-col-50 elementor-top-column elementor-element elementor-element-50c707f\" data-id=\"50c707f\" data-element_type=\"column\" data-e-type=\"column\">\n\t\t\t<div class=\"elementor-widget-wrap\">\n\t\t\t\t\t\t\t<\/div>\n\t\t<\/div>\n\t\t\t\t\t<\/div>\n\t\t<\/section>\n\t\t\t\t<section class=\"elementor-section elementor-top-section elementor-element elementor-element-73e435e elementor-section-full_width elementor-section-height-default elementor-section-height-default\" data-id=\"73e435e\" data-element_type=\"section\" data-e-type=\"section\">\n\t\t\t\t\t\t<div class=\"elementor-container elementor-column-gap-default\">\n\t\t\t\t\t<div class=\"elementor-column elementor-col-100 elementor-top-column elementor-element elementor-element-03fbc34\" data-id=\"03fbc34\" data-element_type=\"column\" data-e-type=\"column\">\n\t\t\t<div class=\"elementor-widget-wrap elementor-element-populated\">\n\t\t\t\t\t\t<div class=\"elementor-element elementor-element-51c5424 elementor-widget elementor-widget-template\" data-id=\"51c5424\" data-element_type=\"widget\" data-e-type=\"widget\" data-widget_type=\"template.default\">\n\t\t\t\t<div class=\"elementor-widget-container\">\n\t\t\t\t\t \t\t\t\t<\/div>\n\t\t\t\t<\/div>\n\t\t\t\t\t<\/div>\n\t\t<\/div>\n\t\t\t\t\t<\/div>\n\t\t<\/section>\n\t\t\t\t<\/div>\n\t\t","protected":false},"excerpt":{"rendered":"<p>BIOFILMTEST Cookies y aviso legal Betelgeux, S.L. tiene la obligaci\u00f3n por el Real Decreto-ley 13\/2012 que modifica la Ley 34\/2002, de 11 de julio, de servicios de la sociedad de la informaci\u00f3n y de comercio electr\u00f3nico, de informar y obtener el consentimiento del ciudadano acerca del uso de las cookies [&hellip;]<\/p>\n","protected":false},"author":4,"featured_media":0,"parent":0,"menu_order":0,"comment_status":"closed","ping_status":"closed","template":"elementor_canvas","meta":{"_uag_custom_page_level_css":"","_themeisle_gutenberg_block_has_review":false,"footnotes":""},"class_list":["post-6638","page","type-page","status-publish","hentry"],"yoast_head":"<!-- This site is optimized with the Yoast SEO plugin v27.3 - https:\/\/yoast.com\/product\/yoast-seo-wordpress\/ -->\n<title>BiofilmTEST &#8226; Pol\u00edtica de privacidad<\/title>\n<meta name=\"description\" content=\"Pol\u00edtica de privacidad y aviso legal de Biofilmtest\" \/>\n<meta name=\"robots\" content=\"index, follow, max-snippet:-1, max-image-preview:large, max-video-preview:-1\" \/>\n<link rel=\"canonical\" href=\"https:\/\/biofilmtest.com\/es_es\/informativa-sulla-privacy\/\" \/>\n<meta property=\"og:locale\" content=\"es_ES\" \/>\n<meta property=\"og:type\" content=\"article\" \/>\n<meta property=\"og:title\" content=\"BiofilmTEST &#8226; Pol\u00edtica de privacidad\" \/>\n<meta property=\"og:description\" content=\"Pol\u00edtica de privacidad y aviso legal de Biofilmtest\" \/>\n<meta property=\"og:url\" content=\"https:\/\/biofilmtest.com\/es_es\/informativa-sulla-privacy\/\" \/>\n<meta property=\"og:site_name\" content=\"BiofilmTEST\" \/>\n<meta property=\"article:publisher\" content=\"https:\/\/www.facebook.com\/Betelgeux.es\" \/>\n<meta property=\"article:modified_time\" content=\"2021-06-16T14:30:55+00:00\" \/>\n<meta name=\"twitter:card\" content=\"summary_large_image\" \/>\n<meta name=\"twitter:site\" content=\"@Betelgeux_es\" \/>\n<meta name=\"twitter:label1\" content=\"Tiempo de lectura\" \/>\n\t<meta name=\"twitter:data1\" content=\"4 minutos\" \/>\n<script type=\"application\/ld+json\" class=\"yoast-schema-graph\">{\"@context\":\"https:\\\/\\\/schema.org\",\"@graph\":[{\"@type\":\"WebPage\",\"@id\":\"https:\\\/\\\/biofilmtest.com\\\/it\\\/informativa-sulla-privacy\\\/\",\"url\":\"https:\\\/\\\/biofilmtest.com\\\/it\\\/informativa-sulla-privacy\\\/\",\"name\":\"BiofilmTEST &#8226; Pol\u00edtica de privacidad\",\"isPartOf\":{\"@id\":\"https:\\\/\\\/biofilmtest.com\\\/es_es\\\/#website\"},\"datePublished\":\"2020-08-19T10:27:43+00:00\",\"dateModified\":\"2021-06-16T14:30:55+00:00\",\"description\":\"Pol\u00edtica de privacidad y aviso legal de Biofilmtest\",\"breadcrumb\":{\"@id\":\"https:\\\/\\\/biofilmtest.com\\\/it\\\/informativa-sulla-privacy\\\/#breadcrumb\"},\"inLanguage\":\"es\",\"potentialAction\":[{\"@type\":\"ReadAction\",\"target\":[\"https:\\\/\\\/biofilmtest.com\\\/it\\\/informativa-sulla-privacy\\\/\"]}]},{\"@type\":\"BreadcrumbList\",\"@id\":\"https:\\\/\\\/biofilmtest.com\\\/it\\\/informativa-sulla-privacy\\\/#breadcrumb\",\"itemListElement\":[{\"@type\":\"ListItem\",\"position\":1,\"name\":\"Inicio\",\"item\":\"https:\\\/\\\/biofilmtest.com\\\/es_es\\\/\"},{\"@type\":\"ListItem\",\"position\":2,\"name\":\"Pol\u00edtica de privacidad\"}]},{\"@type\":\"WebSite\",\"@id\":\"https:\\\/\\\/biofilmtest.com\\\/es_es\\\/#website\",\"url\":\"https:\\\/\\\/biofilmtest.com\\\/es_es\\\/\",\"name\":\"BiofilmTEST\",\"description\":\"Control, detecci\u00f3n y eliminaci\u00f3n de Biofilms\",\"publisher\":{\"@id\":\"https:\\\/\\\/biofilmtest.com\\\/es_es\\\/#organization\"},\"potentialAction\":[{\"@type\":\"SearchAction\",\"target\":{\"@type\":\"EntryPoint\",\"urlTemplate\":\"https:\\\/\\\/biofilmtest.com\\\/es_es\\\/?s={search_term_string}\"},\"query-input\":{\"@type\":\"PropertyValueSpecification\",\"valueRequired\":true,\"valueName\":\"search_term_string\"}}],\"inLanguage\":\"es\"},{\"@type\":\"Organization\",\"@id\":\"https:\\\/\\\/biofilmtest.com\\\/es_es\\\/#organization\",\"name\":\"Betelgeux SL\",\"url\":\"https:\\\/\\\/biofilmtest.com\\\/es_es\\\/\",\"logo\":{\"@type\":\"ImageObject\",\"inLanguage\":\"es\",\"@id\":\"https:\\\/\\\/biofilmtest.com\\\/es_es\\\/#\\\/schema\\\/logo\\\/image\\\/\",\"url\":\"https:\\\/\\\/biofilmtest.com\\\/wp-content\\\/uploads\\\/2020\\\/10\\\/BiofilmTEST.png\",\"contentUrl\":\"https:\\\/\\\/biofilmtest.com\\\/wp-content\\\/uploads\\\/2020\\\/10\\\/BiofilmTEST.png\",\"width\":479,\"height\":78,\"caption\":\"Betelgeux SL\"},\"image\":{\"@id\":\"https:\\\/\\\/biofilmtest.com\\\/es_es\\\/#\\\/schema\\\/logo\\\/image\\\/\"},\"sameAs\":[\"https:\\\/\\\/www.facebook.com\\\/Betelgeux.es\",\"https:\\\/\\\/x.com\\\/Betelgeux_es\",\"http:\\\/\\\/www.linkedin.com\\\/company\\\/2421431\",\"https:\\\/\\\/www.youtube.com\\\/user\\\/betelgeuxtv\"]}]}<\/script>\n<!-- \/ Yoast SEO plugin. -->","yoast_head_json":{"title":"BiofilmTEST &#8226; Pol\u00edtica de privacidad","description":"Pol\u00edtica de privacidad y aviso legal de Biofilmtest","robots":{"index":"index","follow":"follow","max-snippet":"max-snippet:-1","max-image-preview":"max-image-preview:large","max-video-preview":"max-video-preview:-1"},"canonical":"https:\/\/biofilmtest.com\/es_es\/informativa-sulla-privacy\/","og_locale":"es_ES","og_type":"article","og_title":"BiofilmTEST &#8226; Pol\u00edtica de privacidad","og_description":"Pol\u00edtica de privacidad y aviso legal de Biofilmtest","og_url":"https:\/\/biofilmtest.com\/es_es\/informativa-sulla-privacy\/","og_site_name":"BiofilmTEST","article_publisher":"https:\/\/www.facebook.com\/Betelgeux.es","article_modified_time":"2021-06-16T14:30:55+00:00","twitter_card":"summary_large_image","twitter_site":"@Betelgeux_es","twitter_misc":{"Tiempo de lectura":"4 minutos"},"schema":{"@context":"https:\/\/schema.org","@graph":[{"@type":"WebPage","@id":"https:\/\/biofilmtest.com\/it\/informativa-sulla-privacy\/","url":"https:\/\/biofilmtest.com\/it\/informativa-sulla-privacy\/","name":"BiofilmTEST &#8226; Pol\u00edtica de privacidad","isPartOf":{"@id":"https:\/\/biofilmtest.com\/es_es\/#website"},"datePublished":"2020-08-19T10:27:43+00:00","dateModified":"2021-06-16T14:30:55+00:00","description":"Pol\u00edtica de privacidad y aviso legal de Biofilmtest","breadcrumb":{"@id":"https:\/\/biofilmtest.com\/it\/informativa-sulla-privacy\/#breadcrumb"},"inLanguage":"es","potentialAction":[{"@type":"ReadAction","target":["https:\/\/biofilmtest.com\/it\/informativa-sulla-privacy\/"]}]},{"@type":"BreadcrumbList","@id":"https:\/\/biofilmtest.com\/it\/informativa-sulla-privacy\/#breadcrumb","itemListElement":[{"@type":"ListItem","position":1,"name":"Inicio","item":"https:\/\/biofilmtest.com\/es_es\/"},{"@type":"ListItem","position":2,"name":"Pol\u00edtica de privacidad"}]},{"@type":"WebSite","@id":"https:\/\/biofilmtest.com\/es_es\/#website","url":"https:\/\/biofilmtest.com\/es_es\/","name":"BiofilmTEST","description":"Control, detecci\u00f3n y eliminaci\u00f3n de Biofilms","publisher":{"@id":"https:\/\/biofilmtest.com\/es_es\/#organization"},"potentialAction":[{"@type":"SearchAction","target":{"@type":"EntryPoint","urlTemplate":"https:\/\/biofilmtest.com\/es_es\/?s={search_term_string}"},"query-input":{"@type":"PropertyValueSpecification","valueRequired":true,"valueName":"search_term_string"}}],"inLanguage":"es"},{"@type":"Organization","@id":"https:\/\/biofilmtest.com\/es_es\/#organization","name":"Betelgeux SL","url":"https:\/\/biofilmtest.com\/es_es\/","logo":{"@type":"ImageObject","inLanguage":"es","@id":"https:\/\/biofilmtest.com\/es_es\/#\/schema\/logo\/image\/","url":"https:\/\/biofilmtest.com\/wp-content\/uploads\/2020\/10\/BiofilmTEST.png","contentUrl":"https:\/\/biofilmtest.com\/wp-content\/uploads\/2020\/10\/BiofilmTEST.png","width":479,"height":78,"caption":"Betelgeux SL"},"image":{"@id":"https:\/\/biofilmtest.com\/es_es\/#\/schema\/logo\/image\/"},"sameAs":["https:\/\/www.facebook.com\/Betelgeux.es","https:\/\/x.com\/Betelgeux_es","http:\/\/www.linkedin.com\/company\/2421431","https:\/\/www.youtube.com\/user\/betelgeuxtv"]}]}},"uagb_featured_image_src":{"full":false,"thumbnail":false,"medium":false,"medium_large":false,"large":false,"1536x1536":false,"2048x2048":false,"trp-custom-language-flag":false,"hestia-blog":false},"uagb_author_info":{"display_name":"usuario","author_link":"https:\/\/biofilmtest.com\/es_es\/author\/usuario\/"},"uagb_comment_info":0,"uagb_excerpt":"BIOFILMTEST Cookies y aviso legal Betelgeux, S.L. tiene la obligaci\u00f3n por el Real Decreto-ley 13\/2012 que modifica la Ley 34\/2002, de 11 de julio, de servicios de la sociedad de la informaci\u00f3n y de comercio electr\u00f3nico, de informar y obtener el consentimiento del ciudadano acerca del uso de las cookies [&hellip;]","_links":{"self":[{"href":"https:\/\/biofilmtest.com\/es_es\/wp-json\/wp\/v2\/pages\/6638","targetHints":{"allow":["GET"]}}],"collection":[{"href":"https:\/\/biofilmtest.com\/es_es\/wp-json\/wp\/v2\/pages"}],"about":[{"href":"https:\/\/biofilmtest.com\/es_es\/wp-json\/wp\/v2\/types\/page"}],"author":[{"embeddable":true,"href":"https:\/\/biofilmtest.com\/es_es\/wp-json\/wp\/v2\/users\/4"}],"replies":[{"embeddable":true,"href":"https:\/\/biofilmtest.com\/es_es\/wp-json\/wp\/v2\/comments?post=6638"}],"version-history":[{"count":3,"href":"https:\/\/biofilmtest.com\/es_es\/wp-json\/wp\/v2\/pages\/6638\/revisions"}],"predecessor-version":[{"id":8426,"href":"https:\/\/biofilmtest.com\/es_es\/wp-json\/wp\/v2\/pages\/6638\/revisions\/8426"}],"wp:attachment":[{"href":"https:\/\/biofilmtest.com\/es_es\/wp-json\/wp\/v2\/media?parent=6638"}],"curies":[{"name":"wp","href":"https:\/\/api.w.org\/{rel}","templated":true}]}}